{"id":13311,"date":"2024-01-23T08:54:33","date_gmt":"2024-01-23T08:54:33","guid":{"rendered":"https:\/\/funerolivetti.demo-advantis.it\/?page_id=13311"},"modified":"2025-08-16T14:57:27","modified_gmt":"2025-08-16T14:57:27","slug":"coiffeuse-mobile-avec-dechargement","status":"publish","type":"page","link":"https:\/\/funerolivetti.demo-advantis.it\/fr\/tables-de-preparation-des-cadavres\/coiffeuse-mobile-avec-dechargement\/","title":{"rendered":"COIFFEUSE MOBILE AVEC D\u00c9CHARGEMENT"},"content":{"rendered":"\t\t<div data-elementor-type=\"wp-page\" data-elementor-id=\"13311\" class=\"elementor elementor-13311 elementor-11328\">\n\t\t\t\t\t\t<section class=\"elementor-section elementor-top-section elementor-element elementor-element-c1d5caa elementor-section-boxed elementor-section-height-default elementor-section-height-default\" data-id=\"c1d5caa\" data-element_type=\"section\" data-e-type=\"section\">\n\t\t\t\t\t\t<div class=\"elementor-container elementor-column-gap-default\">\n\t\t\t\t\t<div class=\"elementor-column elementor-col-50 elementor-top-column elementor-element elementor-element-4cbdb401\" data-id=\"4cbdb401\" data-element_type=\"column\" data-e-type=\"column\">\n\t\t\t<div class=\"elementor-widget-wrap elementor-element-populated\">\n\t\t\t\t\t\t<div class=\"elementor-element elementor-element-2839ab5b elementor-widget elementor-widget-image\" data-id=\"2839ab5b\" data-element_type=\"widget\" data-e-type=\"widget\" data-widget_type=\"image.default\">\n\t\t\t\t<div class=\"elementor-widget-container\">\n\t\t\t\t\t\t\t\t\t\t\t\t\t\t\t<img fetchpriority=\"high\" decoding=\"async\" width=\"750\" height=\"455\" src=\"https:\/\/funerolivetti.demo-advantis.it\/wp-content\/uploads\/2025\/08\/TAVOLO-V-SCARICO-M-750x750-1.png\" class=\"attachment-full size-full wp-image-13276\" alt=\"\" srcset=\"https:\/\/funerolivetti.demo-advantis.it\/wp-content\/uploads\/2025\/08\/TAVOLO-V-SCARICO-M-750x750-1.png 750w, https:\/\/funerolivetti.demo-advantis.it\/wp-content\/uploads\/2025\/08\/TAVOLO-V-SCARICO-M-750x750-1-300x182.png 300w\" sizes=\"(max-width: 750px) 100vw, 750px\" \/>\t\t\t\t\t\t\t\t\t\t\t\t\t\t\t<\/div>\n\t\t\t\t<\/div>\n\t\t\t\t<div class=\"elementor-element elementor-element-a70f08a elementor-widget elementor-widget-image-gallery\" data-id=\"a70f08a\" data-element_type=\"widget\" data-e-type=\"widget\" data-widget_type=\"image-gallery.default\">\n\t\t\t\t<div class=\"elementor-widget-container\">\n\t\t\t\t\t\t\t<div class=\"elementor-image-gallery\">\n\t\t\t<div id='gallery-1' class='gallery galleryid-13311 gallery-columns-4 gallery-size-thumbnail'><figure class='gallery-item'>\n\t\t\t<div class='gallery-icon landscape'>\n\t\t\t\t<a data-elementor-open-lightbox=\"yes\" data-elementor-lightbox-slideshow=\"a70f08a\" data-elementor-lightbox-title=\"TAVOLO-V-SCARICO-M-1200x800\" data-e-action-hash=\"#elementor-action%3Aaction%3Dlightbox%26settings%3DeyJpZCI6MTMyODAsInVybCI6Imh0dHBzOlwvXC9mdW5lcm9saXZldHRpLmRlbW8tYWR2YW50aXMuaXRcL3dwLWNvbnRlbnRcL3VwbG9hZHNcLzIwMjVcLzA4XC9UQVZPTE8tVi1TQ0FSSUNPLU0tMTIwMHg4MDAtMS5wbmciLCJzbGlkZXNob3ciOiJhNzBmMDhhIn0%3D\" href='https:\/\/funerolivetti.demo-advantis.it\/wp-content\/uploads\/2025\/08\/TAVOLO-V-SCARICO-M-1200x800-1.png'><img decoding=\"async\" width=\"150\" height=\"150\" src=\"https:\/\/funerolivetti.demo-advantis.it\/wp-content\/uploads\/2025\/08\/TAVOLO-V-SCARICO-M-1200x800-1-150x150.png\" class=\"attachment-thumbnail size-thumbnail\" alt=\"\" \/><\/a>\n\t\t\t<\/div><\/figure><figure class='gallery-item'>\n\t\t\t<div class='gallery-icon portrait'>\n\t\t\t\t<a data-elementor-open-lightbox=\"yes\" data-elementor-lightbox-slideshow=\"a70f08a\" data-elementor-lightbox-title=\"TAVOLO-V-SCARICO-M-fronte-1200x800\" data-e-action-hash=\"#elementor-action%3Aaction%3Dlightbox%26settings%3DeyJpZCI6MTMyODQsInVybCI6Imh0dHBzOlwvXC9mdW5lcm9saXZldHRpLmRlbW8tYWR2YW50aXMuaXRcL3dwLWNvbnRlbnRcL3VwbG9hZHNcLzIwMjVcLzA4XC9UQVZPTE8tVi1TQ0FSSUNPLU0tZnJvbnRlLTEyMDB4ODAwLTEucG5nIiwic2xpZGVzaG93IjoiYTcwZjA4YSJ9\" href='https:\/\/funerolivetti.demo-advantis.it\/wp-content\/uploads\/2025\/08\/TAVOLO-V-SCARICO-M-fronte-1200x800-1.png'><img decoding=\"async\" width=\"150\" height=\"150\" src=\"https:\/\/funerolivetti.demo-advantis.it\/wp-content\/uploads\/2025\/08\/TAVOLO-V-SCARICO-M-fronte-1200x800-1-150x150.png\" class=\"attachment-thumbnail size-thumbnail\" alt=\"\" \/><\/a>\n\t\t\t<\/div><\/figure><figure class='gallery-item'>\n\t\t\t<div class='gallery-icon portrait'>\n\t\t\t\t<a data-elementor-open-lightbox=\"yes\" data-elementor-lightbox-slideshow=\"a70f08a\" data-elementor-lightbox-title=\"TAVOLO-V-SCARICO-M-ruota-1200x800\" data-e-action-hash=\"#elementor-action%3Aaction%3Dlightbox%26settings%3DeyJpZCI6MTMyODgsInVybCI6Imh0dHBzOlwvXC9mdW5lcm9saXZldHRpLmRlbW8tYWR2YW50aXMuaXRcL3dwLWNvbnRlbnRcL3VwbG9hZHNcLzIwMjVcLzA4XC9UQVZPTE8tVi1TQ0FSSUNPLU0tcnVvdGEtMTIwMHg4MDAtMS5wbmciLCJzbGlkZXNob3ciOiJhNzBmMDhhIn0%3D\" href='https:\/\/funerolivetti.demo-advantis.it\/wp-content\/uploads\/2025\/08\/TAVOLO-V-SCARICO-M-ruota-1200x800-1.png'><img loading=\"lazy\" decoding=\"async\" width=\"150\" height=\"150\" src=\"https:\/\/funerolivetti.demo-advantis.it\/wp-content\/uploads\/2025\/08\/TAVOLO-V-SCARICO-M-ruota-1200x800-1-150x150.png\" class=\"attachment-thumbnail size-thumbnail\" alt=\"\" \/><\/a>\n\t\t\t<\/div><\/figure><figure class='gallery-item'>\n\t\t\t<div class='gallery-icon portrait'>\n\t\t\t\t<a data-elementor-open-lightbox=\"yes\" data-elementor-lightbox-slideshow=\"a70f08a\" data-elementor-lightbox-title=\"TAVOLO-V-SCARICO-M-tanica-1200x800\" data-e-action-hash=\"#elementor-action%3Aaction%3Dlightbox%26settings%3DeyJpZCI6MTMyOTIsInVybCI6Imh0dHBzOlwvXC9mdW5lcm9saXZldHRpLmRlbW8tYWR2YW50aXMuaXRcL3dwLWNvbnRlbnRcL3VwbG9hZHNcLzIwMjVcLzA4XC9UQVZPTE8tVi1TQ0FSSUNPLU0tdGFuaWNhLTEyMDB4ODAwLTEucG5nIiwic2xpZGVzaG93IjoiYTcwZjA4YSJ9\" href='https:\/\/funerolivetti.demo-advantis.it\/wp-content\/uploads\/2025\/08\/TAVOLO-V-SCARICO-M-tanica-1200x800-1.png'><img loading=\"lazy\" decoding=\"async\" width=\"150\" height=\"150\" src=\"https:\/\/funerolivetti.demo-advantis.it\/wp-content\/uploads\/2025\/08\/TAVOLO-V-SCARICO-M-tanica-1200x800-1-150x150.png\" class=\"attachment-thumbnail size-thumbnail\" alt=\"\" \/><\/a>\n\t\t\t<\/div><\/figure><figure class='gallery-item'>\n\t\t\t<div class='gallery-icon landscape'>\n\t\t\t\t<a data-elementor-open-lightbox=\"yes\" data-elementor-lightbox-slideshow=\"a70f08a\" data-elementor-lightbox-title=\"TEMP-TAVOLO-V-SCARICO-M-particolare-1200x800\" data-e-action-hash=\"#elementor-action%3Aaction%3Dlightbox%26settings%3DeyJpZCI6MTMyOTYsInVybCI6Imh0dHBzOlwvXC9mdW5lcm9saXZldHRpLmRlbW8tYWR2YW50aXMuaXRcL3dwLWNvbnRlbnRcL3VwbG9hZHNcLzIwMjVcLzA4XC9URU1QLVRBVk9MTy1WLVNDQVJJQ08tTS1wYXJ0aWNvbGFyZS0xMjAweDgwMC0xLnBuZyIsInNsaWRlc2hvdyI6ImE3MGYwOGEifQ%3D%3D\" href='https:\/\/funerolivetti.demo-advantis.it\/wp-content\/uploads\/2025\/08\/TEMP-TAVOLO-V-SCARICO-M-particolare-1200x800-1.png'><img loading=\"lazy\" decoding=\"async\" width=\"150\" height=\"150\" src=\"https:\/\/funerolivetti.demo-advantis.it\/wp-content\/uploads\/2025\/08\/TEMP-TAVOLO-V-SCARICO-M-particolare-1200x800-1-150x150.png\" class=\"attachment-thumbnail size-thumbnail\" alt=\"\" \/><\/a>\n\t\t\t<\/div><\/figure>\n\t\t<\/div>\n\t\t<\/div>\n\t\t\t\t\t\t<\/div>\n\t\t\t\t<\/div>\n\t\t\t\t<div class=\"elementor-element elementor-element-1a968c00 elementor-widget elementor-widget-heading\" data-id=\"1a968c00\" data-element_type=\"widget\" data-e-type=\"widget\" data-widget_type=\"heading.default\">\n\t\t\t\t<div class=\"elementor-widget-container\">\n\t\t\t\t\t<h2 class=\"elementor-heading-title elementor-size-default\">COIFFEUSE MOBILE AVEC D\u00c9CHARGEMENT<\/h2>\t\t\t\t<\/div>\n\t\t\t\t<\/div>\n\t\t\t\t<div class=\"elementor-element elementor-element-15f9ecf2 elementor-widget elementor-widget-restly_about\" data-id=\"15f9ecf2\" data-element_type=\"widget\" data-e-type=\"widget\" data-widget_type=\"restly_about.default\">\n\t\t\t\t<div class=\"elementor-widget-container\">\n\t\t\t\t\t        <div class=\"restly-about-wrapper\">\n            <div class=\"restly-about-content text-left\">\n                                \n                <h6 class=\"restly-about-stitle\"><span><\/span><\/h6>\n                \n                <h2 class=\"restly-about-title\"><\/h2>\n                <div class=\"restly-about-dec\">\n                    <p><strong>F032001VSSM<\/strong><\/p><p>Coiffeuse en acier inoxydable.<br \/>Sa structure l\u00e9g\u00e8re et robuste facilite les d\u00e9placements pendant l'habillage. Les roues de 10 cm de diam\u00e8tre assurent une excellente r\u00e9sistance au roulement.<br \/>La plateforme droite est \u00e9quip\u00e9e d'un syst\u00e8me d'\u00e9vacuation des liquides, r\u00e9cup\u00e9r\u00e9s dans un bac amovible.<br \/>Enti\u00e8rement fabriqu\u00e9e en acier inoxydable AISI 304 pour garantir les normes sanitaires les plus strictes.<br \/>Des pare-chocs en caoutchouc, fix\u00e9s aux bords de la plateforme, amortissent les chocs accidentels.<br \/>Sur demande\u00a0:<br \/>\u2022 Roues de 12,5 cm de diam\u00e8tre<br \/>\u2022 Roues de 15 cm de diam\u00e8tre<\/p>                <\/div>\n            <\/div>\n        <\/div>\n        \t\t\t\t<\/div>\n\t\t\t\t<\/div>\n\t\t\t\t\t<\/div>\n\t\t<\/div>\n\t\t\t\t<div class=\"elementor-column elementor-col-50 elementor-top-column elementor-element elementor-element-60622e0c\" data-id=\"60622e0c\" data-element_type=\"column\" data-e-type=\"column\">\n\t\t\t<div class=\"elementor-widget-wrap elementor-element-populated\">\n\t\t\t\t\t\t<div class=\"elementor-element elementor-element-3d0d64d elementor-align-start elementor-widget__width-inherit elementor-widget-wp-widget-nav_menu elementor-hidden-desktop elementor-hidden-tablet elementor-hidden-mobile elementor-icon-list--layout-traditional elementor-list-item-link-full_width elementor-widget elementor-widget-icon-list\" data-id=\"3d0d64d\" data-element_type=\"widget\" data-e-type=\"widget\" data-widget_type=\"icon-list.default\">\n\t\t\t\t<div class=\"elementor-widget-container\">\n\t\t\t\t\t\t\t<ul class=\"elementor-icon-list-items\">\n\t\t\t\t\t\t\t<li class=\"elementor-icon-list-item\">\n\t\t\t\t\t\t\t\t\t\t\t<a href=\"\/wp-content\/uploads\/2025\/08\/TAVOLO-VESTIZIONE-SCARICO-MOBILE.pdf\" target=\"_blank\">\n\n\t\t\t\t\t\t\t\t\t\t\t\t<span class=\"elementor-icon-list-icon\">\n\t\t\t\t\t\t\t<svg aria-hidden=\"true\" class=\"e-font-icon-svg e-fas-file-pdf\" viewBox=\"0 0 384 512\" xmlns=\"http:\/\/www.w3.org\/2000\/svg\"><path d=\"M181.9 256.1c-5-16-4.9-46.9-2-46.9 8.4 0 7.6 36.9 2 46.9zm-1.7 47.2c-7.7 20.2-17.3 43.3-28.4 62.7 18.3-7 39-17.2 62.9-21.9-12.7-9.6-24.9-23.4-34.5-40.8zM86.1 428.1c0 .8 13.2-5.4 34.9-40.2-6.7 6.3-29.1 24.5-34.9 40.2zM248 160h136v328c0 13.3-10.7 24-24 24H24c-13.3 0-24-10.7-24-24V24C0 10.7 10.7 0 24 0h200v136c0 13.2 10.8 24 24 24zm-8 171.8c-20-12.2-33.3-29-42.7-53.8 4.5-18.5 11.6-46.6 6.2-64.2-4.7-29.4-42.4-26.5-47.8-6.8-5 18.3-.4 44.1 8.1 77-11.6 27.6-28.7 64.6-40.8 85.8-.1 0-.1.1-.2.1-27.1 13.9-73.6 44.5-54.5 68 5.6 6.9 16 10 21.5 10 17.9 0 35.7-18 61.1-61.8 25.8-8.5 54.1-19.1 79-23.2 21.7 11.8 47.1 19.5 64 19.5 29.2 0 31.2-32 19.7-43.4-13.9-13.6-54.3-9.7-73.6-7.2zM377 105L279 7c-4.5-4.5-10.6-7-17-7h-6v128h128v-6.1c0-6.3-2.5-12.4-7-16.9zm-74.1 255.3c4.1-2.7-2.5-11.9-42.8-9 37.1 15.8 42.8 9 42.8 9z\"><\/path><\/svg>\t\t\t\t\t\t<\/span>\n\t\t\t\t\t\t\t\t\t\t<span class=\"elementor-icon-list-text\">SCHEDA PDF<\/span>\n\t\t\t\t\t\t\t\t\t\t\t<\/a>\n\t\t\t\t\t\t\t\t\t<\/li>\n\t\t\t\t\t\t\t\t<li class=\"elementor-icon-list-item\">\n\t\t\t\t\t\t\t\t\t\t\t<a href=\"https:\/\/youtu.be\/mDV-xx95nPM?si=hj_zscdwc5hhY0i3\" target=\"_blank\">\n\n\t\t\t\t\t\t\t\t\t\t\t\t<span class=\"elementor-icon-list-icon\">\n\t\t\t\t\t\t\t<svg aria-hidden=\"true\" class=\"e-font-icon-svg e-fab-youtube\" viewBox=\"0 0 576 512\" xmlns=\"http:\/\/www.w3.org\/2000\/svg\"><path d=\"M549.655 124.083c-6.281-23.65-24.787-42.276-48.284-48.597C458.781 64 288 64 288 64S117.22 64 74.629 75.486c-23.497 6.322-42.003 24.947-48.284 48.597-11.412 42.867-11.412 132.305-11.412 132.305s0 89.438 11.412 132.305c6.281 23.65 24.787 41.5 48.284 47.821C117.22 448 288 448 288 448s170.78 0 213.371-11.486c23.497-6.321 42.003-24.171 48.284-47.821 11.412-42.867 11.412-132.305 11.412-132.305s0-89.438-11.412-132.305zm-317.51 213.508V175.185l142.739 81.205-142.739 81.201z\"><\/path><\/svg>\t\t\t\t\t\t<\/span>\n\t\t\t\t\t\t\t\t\t\t<span class=\"elementor-icon-list-text\">VIDEO<\/span>\n\t\t\t\t\t\t\t\t\t\t\t<\/a>\n\t\t\t\t\t\t\t\t\t<\/li>\n\t\t\t\t\t\t<\/ul>\n\t\t\t\t\t\t<\/div>\n\t\t\t\t<\/div>\n\t\t\t\t<div class=\"elementor-element elementor-element-7e66faa7 elementor-widget elementor-widget-restly_contact_info\" data-id=\"7e66faa7\" data-element_type=\"widget\" data-e-type=\"widget\" data-widget_type=\"restly_contact_info.default\">\n\t\t\t\t<div class=\"elementor-widget-container\">\n\t\t\t\t\t        <div class=\"restly-contact-info-warpper\">\r\n            <div class=\"restly-contact-info\">\r\n                <h2 class=\"contact-info-title\">Contactez-nous pour plus d&#039;informations<\/h2>                <div class=\"restly-contact-info-items\">\r\n                                        <div class=\"restly-cinfo d-flex align-items-center\">\r\n                        <div class=\"restly-cinfo-icon\">\r\n                            <i class=\"fas fa-phone-alt\"><\/i>\r\n                        <\/div>\r\n                        <div class=\"restly-cinfo-dec\">\r\n                            <span>Appelez-nous<\/span>\r\n                            <p>0522 875165<\/p>                        <\/div>\r\n                    <\/div>\r\n                                        <div class=\"restly-cinfo d-flex align-items-center\">\r\n                        <div class=\"restly-cinfo-icon\">\r\n                            <i class=\"far fa-envelope\"><\/i>\r\n                        <\/div>\r\n                        <div class=\"restly-cinfo-dec\">\r\n                            <span>\u00c9crivez-nous<\/span>\r\n                            <p><a title=\" info@funerolivetti.com \" href=\"mailto:info@funerolivetti.com\">info@funerolivetti.com<\/a><\/p>                        <\/div>\r\n                    <\/div>\r\n                                        <div class=\"restly-cinfo d-flex align-items-center\">\r\n                        <div class=\"restly-cinfo-icon\">\r\n                            <i class=\"fas fa-clock\"><\/i>\r\n                        <\/div>\r\n                        <div class=\"restly-cinfo-dec\">\r\n                            <span>Venez nous rendre visite<\/span>\r\n                            <p>Via E. Fermi, 74\/A - Frazione Barco 42021 Bibbiano (RE) Italy<\/p>                        <\/div>\r\n                    <\/div>\r\n                                    <\/div>\r\n            <\/div>\r\n        <\/div>\r\n        \t\t\t\t<\/div>\n\t\t\t\t<\/div>\n\t\t\t\t\t<\/div>\n\t\t<\/div>\n\t\t\t\t\t<\/div>\n\t\t<\/section>\n\t\t\t\t<section class=\"elementor-section elementor-top-section elementor-element elementor-element-2eb9903b elementor-hidden-desktop elementor-hidden-tablet elementor-hidden-mobile elementor-section-boxed elementor-section-height-default elementor-section-height-default\" data-id=\"2eb9903b\" data-element_type=\"section\" data-e-type=\"section\">\n\t\t\t\t\t\t<div class=\"elementor-container elementor-column-gap-default\">\n\t\t\t\t\t<div class=\"elementor-column elementor-col-100 elementor-top-column elementor-element elementor-element-1ddef836\" data-id=\"1ddef836\" data-element_type=\"column\" data-e-type=\"column\">\n\t\t\t<div class=\"elementor-widget-wrap elementor-element-populated\">\n\t\t\t\t\t\t<div class=\"elementor-element elementor-element-3ac6bf62 elementor-widget elementor-widget-heading\" data-id=\"3ac6bf62\" data-element_type=\"widget\" data-e-type=\"widget\" data-widget_type=\"heading.default\">\n\t\t\t\t<div class=\"elementor-widget-container\">\n\t\t\t\t\t<h2 class=\"elementor-heading-title elementor-size-default\">PRODOTTI CORRELATI<\/h2>\t\t\t\t<\/div>\n\t\t\t\t<\/div>\n\t\t\t\t<section class=\"elementor-section elementor-inner-section elementor-element elementor-element-373cf991 elementor-section-boxed elementor-section-height-default elementor-section-height-default\" data-id=\"373cf991\" data-element_type=\"section\" data-e-type=\"section\">\n\t\t\t\t\t\t<div class=\"elementor-container elementor-column-gap-default\">\n\t\t\t\t\t<div class=\"elementor-column elementor-col-33 elementor-inner-column elementor-element elementor-element-3f08194f\" data-id=\"3f08194f\" data-element_type=\"column\" data-e-type=\"column\">\n\t\t\t<div class=\"elementor-widget-wrap elementor-element-populated\">\n\t\t\t\t\t\t<div class=\"elementor-element elementor-element-4e3022bc elementor-widget elementor-widget-heading\" data-id=\"4e3022bc\" data-element_type=\"widget\" data-e-type=\"widget\" data-widget_type=\"heading.default\">\n\t\t\t\t<div class=\"elementor-widget-container\">\n\t\t\t\t\t<h5 class=\"elementor-heading-title elementor-size-default\">FRIGO<\/h5>\t\t\t\t<\/div>\n\t\t\t\t<\/div>\n\t\t\t\t<div class=\"elementor-element elementor-element-5740bfdf elementor-widget elementor-widget-image\" data-id=\"5740bfdf\" data-element_type=\"widget\" data-e-type=\"widget\" data-widget_type=\"image.default\">\n\t\t\t\t<div class=\"elementor-widget-container\">\n\t\t\t\t\t\t\t\t\t\t\t\t\t\t\t\t<a href=\"\/minifrigo\/\">\n\t\t\t\t\t\t\t<img loading=\"lazy\" decoding=\"async\" width=\"300\" height=\"262\" src=\"https:\/\/funerolivetti.demo-advantis.it\/wp-content\/uploads\/2024\/01\/F1-Spallato-Radica-300x262.png\" class=\"attachment-medium size-medium wp-image-11281\" alt=\"\" srcset=\"https:\/\/funerolivetti.demo-advantis.it\/wp-content\/uploads\/2024\/01\/F1-Spallato-Radica-300x262.png 300w, https:\/\/funerolivetti.demo-advantis.it\/wp-content\/uploads\/2024\/01\/F1-Spallato-Radica-1024x893.png 1024w, https:\/\/funerolivetti.demo-advantis.it\/wp-content\/uploads\/2024\/01\/F1-Spallato-Radica-768x670.png 768w, https:\/\/funerolivetti.demo-advantis.it\/wp-content\/uploads\/2024\/01\/F1-Spallato-Radica.png 1200w\" sizes=\"(max-width: 300px) 100vw, 300px\" \/>\t\t\t\t\t\t\t\t<\/a>\n\t\t\t\t\t\t\t\t\t\t\t\t\t\t\t<\/div>\n\t\t\t\t<\/div>\n\t\t\t\t\t<\/div>\n\t\t<\/div>\n\t\t\t\t<div class=\"elementor-column elementor-col-33 elementor-inner-column elementor-element elementor-element-e2f56fe\" data-id=\"e2f56fe\" data-element_type=\"column\" data-e-type=\"column\">\n\t\t\t<div class=\"elementor-widget-wrap elementor-element-populated\">\n\t\t\t\t\t\t<div class=\"elementor-element elementor-element-5df6e806 elementor-widget elementor-widget-heading\" data-id=\"5df6e806\" data-element_type=\"widget\" data-e-type=\"widget\" data-widget_type=\"heading.default\">\n\t\t\t\t<div class=\"elementor-widget-container\">\n\t\t\t\t\t<h5 class=\"elementor-heading-title elementor-size-default\">Ollilight<\/h5>\t\t\t\t<\/div>\n\t\t\t\t<\/div>\n\t\t\t\t<div class=\"elementor-element elementor-element-73e7b5ff elementor-widget elementor-widget-image\" data-id=\"73e7b5ff\" data-element_type=\"widget\" data-e-type=\"widget\" data-widget_type=\"image.default\">\n\t\t\t\t<div class=\"elementor-widget-container\">\n\t\t\t\t\t\t\t\t\t\t\t\t\t\t\t\t<a href=\"\/minifrigo\/\">\n\t\t\t\t\t\t\t<img loading=\"lazy\" decoding=\"async\" width=\"300\" height=\"251\" src=\"https:\/\/funerolivetti.demo-advantis.it\/wp-content\/uploads\/2024\/01\/Ollilight-bara-300x251.png\" class=\"attachment-medium size-medium wp-image-11239\" alt=\"\" srcset=\"https:\/\/funerolivetti.demo-advantis.it\/wp-content\/uploads\/2024\/01\/Ollilight-bara-300x251.png 300w, https:\/\/funerolivetti.demo-advantis.it\/wp-content\/uploads\/2024\/01\/Ollilight-bara-1024x856.png 1024w, https:\/\/funerolivetti.demo-advantis.it\/wp-content\/uploads\/2024\/01\/Ollilight-bara-768x642.png 768w, https:\/\/funerolivetti.demo-advantis.it\/wp-content\/uploads\/2024\/01\/Ollilight-bara-1536x1284.png 1536w, https:\/\/funerolivetti.demo-advantis.it\/wp-content\/uploads\/2024\/01\/Ollilight-bara-2048x1712.png 2048w\" sizes=\"(max-width: 300px) 100vw, 300px\" \/>\t\t\t\t\t\t\t\t<\/a>\n\t\t\t\t\t\t\t\t\t\t\t\t\t\t\t<\/div>\n\t\t\t\t<\/div>\n\t\t\t\t\t<\/div>\n\t\t<\/div>\n\t\t\t\t<div class=\"elementor-column elementor-col-33 elementor-inner-column elementor-element elementor-element-78864e8c\" data-id=\"78864e8c\" data-element_type=\"column\" data-e-type=\"column\">\n\t\t\t<div class=\"elementor-widget-wrap elementor-element-populated\">\n\t\t\t\t\t\t<div class=\"elementor-element elementor-element-5737d60a elementor-widget elementor-widget-heading\" data-id=\"5737d60a\" data-element_type=\"widget\" data-e-type=\"widget\" data-widget_type=\"heading.default\">\n\t\t\t\t<div class=\"elementor-widget-container\">\n\t\t\t\t\t<h5 class=\"elementor-heading-title elementor-size-default\">SCOIATTOLO<\/h5>\t\t\t\t<\/div>\n\t\t\t\t<\/div>\n\t\t\t\t<div class=\"elementor-element elementor-element-5f097f37 elementor-widget elementor-widget-image\" data-id=\"5f097f37\" data-element_type=\"widget\" data-e-type=\"widget\" data-widget_type=\"image.default\">\n\t\t\t\t<div class=\"elementor-widget-container\">\n\t\t\t\t\t\t\t\t\t\t\t\t\t\t\t\t<a href=\"\/minifrigo\/\">\n\t\t\t\t\t\t\t<img loading=\"lazy\" decoding=\"async\" width=\"176\" height=\"300\" src=\"https:\/\/funerolivetti.demo-advantis.it\/wp-content\/uploads\/2024\/01\/SCOIATTOLO-cassa-2-1200x-176x300.png\" class=\"attachment-medium size-medium wp-image-11235\" alt=\"\" srcset=\"https:\/\/funerolivetti.demo-advantis.it\/wp-content\/uploads\/2024\/01\/SCOIATTOLO-cassa-2-1200x-176x300.png 176w, https:\/\/funerolivetti.demo-advantis.it\/wp-content\/uploads\/2024\/01\/SCOIATTOLO-cassa-2-1200x-602x1024.png 602w, https:\/\/funerolivetti.demo-advantis.it\/wp-content\/uploads\/2024\/01\/SCOIATTOLO-cassa-2-1200x-768x1307.png 768w, https:\/\/funerolivetti.demo-advantis.it\/wp-content\/uploads\/2024\/01\/SCOIATTOLO-cassa-2-1200x-903x1536.png 903w, https:\/\/funerolivetti.demo-advantis.it\/wp-content\/uploads\/2024\/01\/SCOIATTOLO-cassa-2-1200x.png 1200w\" sizes=\"(max-width: 176px) 100vw, 176px\" \/>\t\t\t\t\t\t\t\t<\/a>\n\t\t\t\t\t\t\t\t\t\t\t\t\t\t\t<\/div>\n\t\t\t\t<\/div>\n\t\t\t\t\t<\/div>\n\t\t<\/div>\n\t\t\t\t\t<\/div>\n\t\t<\/section>\n\t\t\t\t\t<\/div>\n\t\t<\/div>\n\t\t\t\t\t<\/div>\n\t\t<\/section>\n\t\t\t\t<\/div>\n\t\t","protected":false},"excerpt":{"rendered":"<p>COIFFEUSE MOBILE AVEC D\u00c9CHARGEMENT F032001VSSM Coiffeuse en acier inoxydable.Sa structure l\u00e9g\u00e8re et robuste facilite les d\u00e9placements pendant l&rsquo;habillage. Les roues de 10 cm de diam\u00e8tre assurent une excellente r\u00e9sistance au roulement.La plateforme droite est \u00e9quip\u00e9e d&rsquo;un syst\u00e8me d&rsquo;\u00e9vacuation des liquides, r\u00e9cup\u00e9r\u00e9s dans un bac amovible.Enti\u00e8rement fabriqu\u00e9e en acier inoxydable AISI 304 pour garantir les normes [&hellip;]<\/p>\n","protected":false},"author":1,"featured_media":0,"parent":12076,"menu_order":0,"comment_status":"closed","ping_status":"closed","template":"","meta":{"footnotes":""},"class_list":["post-13311","page","type-page","status-publish","hentry"],"_links":{"self":[{"href":"https:\/\/funerolivetti.demo-advantis.it\/fr\/wp-json\/wp\/v2\/pages\/13311","targetHints":{"allow":["GET"]}}],"collection":[{"href":"https:\/\/funerolivetti.demo-advantis.it\/fr\/wp-json\/wp\/v2\/pages"}],"about":[{"href":"https:\/\/funerolivetti.demo-advantis.it\/fr\/wp-json\/wp\/v2\/types\/page"}],"author":[{"embeddable":true,"href":"https:\/\/funerolivetti.demo-advantis.it\/fr\/wp-json\/wp\/v2\/users\/1"}],"replies":[{"embeddable":true,"href":"https:\/\/funerolivetti.demo-advantis.it\/fr\/wp-json\/wp\/v2\/comments?post=13311"}],"version-history":[{"count":4,"href":"https:\/\/funerolivetti.demo-advantis.it\/fr\/wp-json\/wp\/v2\/pages\/13311\/revisions"}],"predecessor-version":[{"id":13315,"href":"https:\/\/funerolivetti.demo-advantis.it\/fr\/wp-json\/wp\/v2\/pages\/13311\/revisions\/13315"}],"up":[{"embeddable":true,"href":"https:\/\/funerolivetti.demo-advantis.it\/fr\/wp-json\/wp\/v2\/pages\/12076"}],"wp:attachment":[{"href":"https:\/\/funerolivetti.demo-advantis.it\/fr\/wp-json\/wp\/v2\/media?parent=13311"}],"curies":[{"name":"wp","href":"https:\/\/api.w.org\/{rel}","templated":true}]}}