{"id":13038,"date":"2024-01-23T08:54:56","date_gmt":"2024-01-23T08:54:56","guid":{"rendered":"https:\/\/funerolivetti.demo-advantis.it\/?page_id=13038"},"modified":"2025-08-16T09:34:15","modified_gmt":"2025-08-16T09:34:15","slug":"recuperation-de-cadavres-par-lane","status":"publish","type":"page","link":"https:\/\/funerolivetti.demo-advantis.it\/fr\/tables-de-preparation-des-cadavres\/recuperation-de-cadavres-par-lane\/","title":{"rendered":"R\u00c9CUP\u00c9RATION DE CADAVRES PAR LANE"},"content":{"rendered":"\t\t<div data-elementor-type=\"wp-page\" data-elementor-id=\"13038\" class=\"elementor elementor-13038 elementor-11332\">\n\t\t\t\t\t\t<section class=\"elementor-section elementor-top-section elementor-element elementor-element-5f7779fc elementor-section-boxed elementor-section-height-default elementor-section-height-default\" data-id=\"5f7779fc\" data-element_type=\"section\" data-e-type=\"section\">\n\t\t\t\t\t\t<div class=\"elementor-container elementor-column-gap-default\">\n\t\t\t\t\t<div class=\"elementor-column elementor-col-50 elementor-top-column elementor-element elementor-element-1a9498aa\" data-id=\"1a9498aa\" data-element_type=\"column\" data-e-type=\"column\">\n\t\t\t<div class=\"elementor-widget-wrap elementor-element-populated\">\n\t\t\t\t\t\t<div class=\"elementor-element elementor-element-6bf0347a elementor-widget elementor-widget-image\" data-id=\"6bf0347a\" data-element_type=\"widget\" data-e-type=\"widget\" data-widget_type=\"image.default\">\n\t\t\t\t<div class=\"elementor-widget-container\">\n\t\t\t\t\t\t\t\t\t\t\t\t\t\t\t<img fetchpriority=\"high\" decoding=\"async\" width=\"751\" height=\"556\" src=\"https:\/\/funerolivetti.demo-advantis.it\/wp-content\/uploads\/2025\/08\/RECUPERO-CORSIA-750x750-1.png\" class=\"attachment-full size-full wp-image-13007\" alt=\"\" srcset=\"https:\/\/funerolivetti.demo-advantis.it\/wp-content\/uploads\/2025\/08\/RECUPERO-CORSIA-750x750-1.png 751w, https:\/\/funerolivetti.demo-advantis.it\/wp-content\/uploads\/2025\/08\/RECUPERO-CORSIA-750x750-1-300x222.png 300w\" sizes=\"(max-width: 751px) 100vw, 751px\" \/>\t\t\t\t\t\t\t\t\t\t\t\t\t\t\t<\/div>\n\t\t\t\t<\/div>\n\t\t\t\t<div class=\"elementor-element elementor-element-62291474 elementor-widget elementor-widget-image-gallery\" data-id=\"62291474\" data-element_type=\"widget\" data-e-type=\"widget\" data-widget_type=\"image-gallery.default\">\n\t\t\t\t<div class=\"elementor-widget-container\">\n\t\t\t\t\t\t\t<div class=\"elementor-image-gallery\">\n\t\t\t<div id='gallery-1' class='gallery galleryid-13038 gallery-columns-4 gallery-size-thumbnail'><figure class='gallery-item'>\n\t\t\t<div class='gallery-icon landscape'>\n\t\t\t\t<a data-elementor-open-lightbox=\"yes\" data-elementor-lightbox-slideshow=\"62291474\" data-elementor-lightbox-title=\"RECUPERO-CORSIA-1200x800\" data-e-action-hash=\"#elementor-action%3Aaction%3Dlightbox%26settings%3DeyJpZCI6MTMwMTEsInVybCI6Imh0dHBzOlwvXC9mdW5lcm9saXZldHRpLmRlbW8tYWR2YW50aXMuaXRcL3dwLWNvbnRlbnRcL3VwbG9hZHNcLzIwMjVcLzA4XC9SRUNVUEVSTy1DT1JTSUEtMTIwMHg4MDAtMS5wbmciLCJzbGlkZXNob3ciOiI2MjI5MTQ3NCJ9\" href='https:\/\/funerolivetti.demo-advantis.it\/wp-content\/uploads\/2025\/08\/RECUPERO-CORSIA-1200x800-1.png'><img decoding=\"async\" width=\"150\" height=\"150\" src=\"https:\/\/funerolivetti.demo-advantis.it\/wp-content\/uploads\/2025\/08\/RECUPERO-CORSIA-1200x800-1-150x150.png\" class=\"attachment-thumbnail size-thumbnail\" alt=\"\" \/><\/a>\n\t\t\t<\/div><\/figure><figure class='gallery-item'>\n\t\t\t<div class='gallery-icon landscape'>\n\t\t\t\t<a data-elementor-open-lightbox=\"yes\" data-elementor-lightbox-slideshow=\"62291474\" data-elementor-lightbox-title=\"RECUPERO-CORSIA-aperto-1200x800\" data-e-action-hash=\"#elementor-action%3Aaction%3Dlightbox%26settings%3DeyJpZCI6MTMwMTUsInVybCI6Imh0dHBzOlwvXC9mdW5lcm9saXZldHRpLmRlbW8tYWR2YW50aXMuaXRcL3dwLWNvbnRlbnRcL3VwbG9hZHNcLzIwMjVcLzA4XC9SRUNVUEVSTy1DT1JTSUEtYXBlcnRvLTEyMDB4ODAwLTEucG5nIiwic2xpZGVzaG93IjoiNjIyOTE0NzQifQ%3D%3D\" href='https:\/\/funerolivetti.demo-advantis.it\/wp-content\/uploads\/2025\/08\/RECUPERO-CORSIA-aperto-1200x800-1.png'><img decoding=\"async\" width=\"150\" height=\"150\" src=\"https:\/\/funerolivetti.demo-advantis.it\/wp-content\/uploads\/2025\/08\/RECUPERO-CORSIA-aperto-1200x800-1-150x150.png\" class=\"attachment-thumbnail size-thumbnail\" alt=\"\" \/><\/a>\n\t\t\t<\/div><\/figure><figure class='gallery-item'>\n\t\t\t<div class='gallery-icon landscape'>\n\t\t\t\t<a data-elementor-open-lightbox=\"yes\" data-elementor-lightbox-slideshow=\"62291474\" data-elementor-lightbox-title=\"RECUPERO-CORSIA-particolare-1200x800\" data-e-action-hash=\"#elementor-action%3Aaction%3Dlightbox%26settings%3DeyJpZCI6MTMwMTksInVybCI6Imh0dHBzOlwvXC9mdW5lcm9saXZldHRpLmRlbW8tYWR2YW50aXMuaXRcL3dwLWNvbnRlbnRcL3VwbG9hZHNcLzIwMjVcLzA4XC9SRUNVUEVSTy1DT1JTSUEtcGFydGljb2xhcmUtMTIwMHg4MDAtMS5wbmciLCJzbGlkZXNob3ciOiI2MjI5MTQ3NCJ9\" href='https:\/\/funerolivetti.demo-advantis.it\/wp-content\/uploads\/2025\/08\/RECUPERO-CORSIA-particolare-1200x800-1.png'><img loading=\"lazy\" decoding=\"async\" width=\"150\" height=\"150\" src=\"https:\/\/funerolivetti.demo-advantis.it\/wp-content\/uploads\/2025\/08\/RECUPERO-CORSIA-particolare-1200x800-1-150x150.png\" class=\"attachment-thumbnail size-thumbnail\" alt=\"\" \/><\/a>\n\t\t\t<\/div><\/figure><figure class='gallery-item'>\n\t\t\t<div class='gallery-icon portrait'>\n\t\t\t\t<a data-elementor-open-lightbox=\"yes\" data-elementor-lightbox-slideshow=\"62291474\" data-elementor-lightbox-title=\"RECUPERO-CORSIA-ruota-1200x800\" data-e-action-hash=\"#elementor-action%3Aaction%3Dlightbox%26settings%3DeyJpZCI6MTMwMjMsInVybCI6Imh0dHBzOlwvXC9mdW5lcm9saXZldHRpLmRlbW8tYWR2YW50aXMuaXRcL3dwLWNvbnRlbnRcL3VwbG9hZHNcLzIwMjVcLzA4XC9SRUNVUEVSTy1DT1JTSUEtcnVvdGEtMTIwMHg4MDAtMS5wbmciLCJzbGlkZXNob3ciOiI2MjI5MTQ3NCJ9\" href='https:\/\/funerolivetti.demo-advantis.it\/wp-content\/uploads\/2025\/08\/RECUPERO-CORSIA-ruota-1200x800-1.png'><img loading=\"lazy\" decoding=\"async\" width=\"150\" height=\"150\" src=\"https:\/\/funerolivetti.demo-advantis.it\/wp-content\/uploads\/2025\/08\/RECUPERO-CORSIA-ruota-1200x800-1-150x150.png\" class=\"attachment-thumbnail size-thumbnail\" alt=\"\" \/><\/a>\n\t\t\t<\/div><\/figure>\n\t\t<\/div>\n\t\t<\/div>\n\t\t\t\t\t\t<\/div>\n\t\t\t\t<\/div>\n\t\t\t\t<div class=\"elementor-element elementor-element-4364e5f4 elementor-widget elementor-widget-heading\" data-id=\"4364e5f4\" data-element_type=\"widget\" data-e-type=\"widget\" data-widget_type=\"heading.default\">\n\t\t\t\t<div class=\"elementor-widget-container\">\n\t\t\t\t\t<h2 class=\"elementor-heading-title elementor-size-default\">R\u00c9CUP\u00c9RATION DE CADAVRES PAR LANE<\/h2>\t\t\t\t<\/div>\n\t\t\t\t<\/div>\n\t\t\t\t<div class=\"elementor-element elementor-element-56bd4ce0 elementor-widget elementor-widget-restly_about\" data-id=\"56bd4ce0\" data-element_type=\"widget\" data-e-type=\"widget\" data-widget_type=\"restly_about.default\">\n\t\t\t\t<div class=\"elementor-widget-container\">\n\t\t\t\t\t        <div class=\"restly-about-wrapper\">\n            <div class=\"restly-about-content text-left\">\n                                \n                <h6 class=\"restly-about-stitle\"><span><\/span><\/h6>\n                \n                <h2 class=\"restly-about-title\"><\/h2>\n                <div class=\"restly-about-dec\">\n                    <p><strong>F035002<\/strong><\/p><p>R\u00e9cup\u00e9ration de d\u00e9pouilles mortelles en milieu hospitalier.<br \/>L\u00e9ger et maniable, il facilite le transport du corps des services hospitaliers \u00e0 la morgue. Son couvercle rotatif assure une discr\u00e9tion maximale.<br \/>Fabriqu\u00e9 enti\u00e8rement en acier inoxydable AISI 304 pour garantir les normes sanitaires les plus strictes.<br \/>Roues de 15 cm de diam\u00e8tre disponibles sur demande.<\/p>                <\/div>\n            <\/div>\n        <\/div>\n        \t\t\t\t<\/div>\n\t\t\t\t<\/div>\n\t\t\t\t\t<\/div>\n\t\t<\/div>\n\t\t\t\t<div class=\"elementor-column elementor-col-50 elementor-top-column elementor-element elementor-element-5016413d\" data-id=\"5016413d\" data-element_type=\"column\" data-e-type=\"column\">\n\t\t\t<div class=\"elementor-widget-wrap elementor-element-populated\">\n\t\t\t\t\t\t<div class=\"elementor-element elementor-element-e6167a5 elementor-align-start elementor-widget__width-inherit elementor-widget-wp-widget-nav_menu elementor-hidden-desktop elementor-hidden-tablet elementor-hidden-mobile elementor-icon-list--layout-traditional elementor-list-item-link-full_width elementor-widget elementor-widget-icon-list\" data-id=\"e6167a5\" data-element_type=\"widget\" data-e-type=\"widget\" data-widget_type=\"icon-list.default\">\n\t\t\t\t<div class=\"elementor-widget-container\">\n\t\t\t\t\t\t\t<ul class=\"elementor-icon-list-items\">\n\t\t\t\t\t\t\t<li class=\"elementor-icon-list-item\">\n\t\t\t\t\t\t\t\t\t\t\t<a href=\"\/wp-content\/uploads\/2025\/08\/RECUPERO-CORSIA.pdf\" target=\"_blank\">\n\n\t\t\t\t\t\t\t\t\t\t\t\t<span class=\"elementor-icon-list-icon\">\n\t\t\t\t\t\t\t<svg aria-hidden=\"true\" class=\"e-font-icon-svg e-fas-file-pdf\" viewBox=\"0 0 384 512\" xmlns=\"http:\/\/www.w3.org\/2000\/svg\"><path d=\"M181.9 256.1c-5-16-4.9-46.9-2-46.9 8.4 0 7.6 36.9 2 46.9zm-1.7 47.2c-7.7 20.2-17.3 43.3-28.4 62.7 18.3-7 39-17.2 62.9-21.9-12.7-9.6-24.9-23.4-34.5-40.8zM86.1 428.1c0 .8 13.2-5.4 34.9-40.2-6.7 6.3-29.1 24.5-34.9 40.2zM248 160h136v328c0 13.3-10.7 24-24 24H24c-13.3 0-24-10.7-24-24V24C0 10.7 10.7 0 24 0h200v136c0 13.2 10.8 24 24 24zm-8 171.8c-20-12.2-33.3-29-42.7-53.8 4.5-18.5 11.6-46.6 6.2-64.2-4.7-29.4-42.4-26.5-47.8-6.8-5 18.3-.4 44.1 8.1 77-11.6 27.6-28.7 64.6-40.8 85.8-.1 0-.1.1-.2.1-27.1 13.9-73.6 44.5-54.5 68 5.6 6.9 16 10 21.5 10 17.9 0 35.7-18 61.1-61.8 25.8-8.5 54.1-19.1 79-23.2 21.7 11.8 47.1 19.5 64 19.5 29.2 0 31.2-32 19.7-43.4-13.9-13.6-54.3-9.7-73.6-7.2zM377 105L279 7c-4.5-4.5-10.6-7-17-7h-6v128h128v-6.1c0-6.3-2.5-12.4-7-16.9zm-74.1 255.3c4.1-2.7-2.5-11.9-42.8-9 37.1 15.8 42.8 9 42.8 9z\"><\/path><\/svg>\t\t\t\t\t\t<\/span>\n\t\t\t\t\t\t\t\t\t\t<span class=\"elementor-icon-list-text\">SCHEDA PDF<\/span>\n\t\t\t\t\t\t\t\t\t\t\t<\/a>\n\t\t\t\t\t\t\t\t\t<\/li>\n\t\t\t\t\t\t<\/ul>\n\t\t\t\t\t\t<\/div>\n\t\t\t\t<\/div>\n\t\t\t\t<div class=\"elementor-element elementor-element-74454caf elementor-widget elementor-widget-restly_contact_info\" data-id=\"74454caf\" data-element_type=\"widget\" data-e-type=\"widget\" data-widget_type=\"restly_contact_info.default\">\n\t\t\t\t<div class=\"elementor-widget-container\">\n\t\t\t\t\t        <div class=\"restly-contact-info-warpper\">\r\n            <div class=\"restly-contact-info\">\r\n                <h2 class=\"contact-info-title\">Contactez-nous pour plus d&#039;informations<\/h2>                <div class=\"restly-contact-info-items\">\r\n                                        <div class=\"restly-cinfo d-flex align-items-center\">\r\n                        <div class=\"restly-cinfo-icon\">\r\n                            <i class=\"fas fa-phone-alt\"><\/i>\r\n                        <\/div>\r\n                        <div class=\"restly-cinfo-dec\">\r\n                            <span>Appelez-nous<\/span>\r\n                            <p>0522 875165<\/p>                        <\/div>\r\n                    <\/div>\r\n                                        <div class=\"restly-cinfo d-flex align-items-center\">\r\n                        <div class=\"restly-cinfo-icon\">\r\n                            <i class=\"far fa-envelope\"><\/i>\r\n                        <\/div>\r\n                        <div class=\"restly-cinfo-dec\">\r\n                            <span>\u00c9crivez-nous<\/span>\r\n                            <p><a title=\" info@funerolivetti.com \" href=\"mailto:info@funerolivetti.com\">info@funerolivetti.com<\/a><\/p>                        <\/div>\r\n                    <\/div>\r\n                                        <div class=\"restly-cinfo d-flex align-items-center\">\r\n                        <div class=\"restly-cinfo-icon\">\r\n                            <i class=\"fas fa-clock\"><\/i>\r\n                        <\/div>\r\n                        <div class=\"restly-cinfo-dec\">\r\n                            <span>Venez nous rendre visite<\/span>\r\n                            <p>Via E. Fermi, 74\/A - Frazione Barco 42021 Bibbiano (RE) Italy<\/p>                        <\/div>\r\n                    <\/div>\r\n                                    <\/div>\r\n            <\/div>\r\n        <\/div>\r\n        \t\t\t\t<\/div>\n\t\t\t\t<\/div>\n\t\t\t\t\t<\/div>\n\t\t<\/div>\n\t\t\t\t\t<\/div>\n\t\t<\/section>\n\t\t\t\t<section class=\"elementor-section elementor-top-section elementor-element elementor-element-11d85fad elementor-hidden-desktop elementor-hidden-tablet elementor-hidden-mobile elementor-section-boxed elementor-section-height-default elementor-section-height-default\" data-id=\"11d85fad\" data-element_type=\"section\" data-e-type=\"section\">\n\t\t\t\t\t\t<div class=\"elementor-container elementor-column-gap-default\">\n\t\t\t\t\t<div class=\"elementor-column elementor-col-100 elementor-top-column elementor-element elementor-element-7419249\" data-id=\"7419249\" data-element_type=\"column\" data-e-type=\"column\">\n\t\t\t<div class=\"elementor-widget-wrap elementor-element-populated\">\n\t\t\t\t\t\t<div class=\"elementor-element elementor-element-45836c1 elementor-widget elementor-widget-heading\" data-id=\"45836c1\" data-element_type=\"widget\" data-e-type=\"widget\" data-widget_type=\"heading.default\">\n\t\t\t\t<div class=\"elementor-widget-container\">\n\t\t\t\t\t<h2 class=\"elementor-heading-title elementor-size-default\">PRODOTTI CORRELATI<\/h2>\t\t\t\t<\/div>\n\t\t\t\t<\/div>\n\t\t\t\t<section class=\"elementor-section elementor-inner-section elementor-element elementor-element-24926d9a elementor-section-boxed elementor-section-height-default elementor-section-height-default\" data-id=\"24926d9a\" data-element_type=\"section\" data-e-type=\"section\">\n\t\t\t\t\t\t<div class=\"elementor-container elementor-column-gap-default\">\n\t\t\t\t\t<div class=\"elementor-column elementor-col-33 elementor-inner-column elementor-element elementor-element-45f0801c\" data-id=\"45f0801c\" data-element_type=\"column\" data-e-type=\"column\">\n\t\t\t<div class=\"elementor-widget-wrap elementor-element-populated\">\n\t\t\t\t\t\t<div class=\"elementor-element elementor-element-7eb80f41 elementor-widget elementor-widget-heading\" data-id=\"7eb80f41\" data-element_type=\"widget\" data-e-type=\"widget\" data-widget_type=\"heading.default\">\n\t\t\t\t<div class=\"elementor-widget-container\">\n\t\t\t\t\t<h5 class=\"elementor-heading-title elementor-size-default\">FRIGO<\/h5>\t\t\t\t<\/div>\n\t\t\t\t<\/div>\n\t\t\t\t<div class=\"elementor-element elementor-element-41366d56 elementor-widget elementor-widget-image\" data-id=\"41366d56\" data-element_type=\"widget\" data-e-type=\"widget\" data-widget_type=\"image.default\">\n\t\t\t\t<div class=\"elementor-widget-container\">\n\t\t\t\t\t\t\t\t\t\t\t\t\t\t\t\t<a href=\"\/minifrigo\/\">\n\t\t\t\t\t\t\t<img loading=\"lazy\" decoding=\"async\" width=\"300\" height=\"262\" src=\"https:\/\/funerolivetti.demo-advantis.it\/wp-content\/uploads\/2024\/01\/F1-Spallato-Radica-300x262.png\" class=\"attachment-medium size-medium wp-image-11281\" alt=\"\" srcset=\"https:\/\/funerolivetti.demo-advantis.it\/wp-content\/uploads\/2024\/01\/F1-Spallato-Radica-300x262.png 300w, https:\/\/funerolivetti.demo-advantis.it\/wp-content\/uploads\/2024\/01\/F1-Spallato-Radica-1024x893.png 1024w, https:\/\/funerolivetti.demo-advantis.it\/wp-content\/uploads\/2024\/01\/F1-Spallato-Radica-768x670.png 768w, https:\/\/funerolivetti.demo-advantis.it\/wp-content\/uploads\/2024\/01\/F1-Spallato-Radica.png 1200w\" sizes=\"(max-width: 300px) 100vw, 300px\" \/>\t\t\t\t\t\t\t\t<\/a>\n\t\t\t\t\t\t\t\t\t\t\t\t\t\t\t<\/div>\n\t\t\t\t<\/div>\n\t\t\t\t\t<\/div>\n\t\t<\/div>\n\t\t\t\t<div class=\"elementor-column elementor-col-33 elementor-inner-column elementor-element elementor-element-5dd6b68c\" data-id=\"5dd6b68c\" data-element_type=\"column\" data-e-type=\"column\">\n\t\t\t<div class=\"elementor-widget-wrap elementor-element-populated\">\n\t\t\t\t\t\t<div class=\"elementor-element elementor-element-3899d14 elementor-widget elementor-widget-heading\" data-id=\"3899d14\" data-element_type=\"widget\" data-e-type=\"widget\" data-widget_type=\"heading.default\">\n\t\t\t\t<div class=\"elementor-widget-container\">\n\t\t\t\t\t<h5 class=\"elementor-heading-title elementor-size-default\">Ollilight<\/h5>\t\t\t\t<\/div>\n\t\t\t\t<\/div>\n\t\t\t\t<div class=\"elementor-element elementor-element-207c1148 elementor-widget elementor-widget-image\" data-id=\"207c1148\" data-element_type=\"widget\" data-e-type=\"widget\" data-widget_type=\"image.default\">\n\t\t\t\t<div class=\"elementor-widget-container\">\n\t\t\t\t\t\t\t\t\t\t\t\t\t\t\t\t<a href=\"\/minifrigo\/\">\n\t\t\t\t\t\t\t<img loading=\"lazy\" decoding=\"async\" width=\"300\" height=\"251\" src=\"https:\/\/funerolivetti.demo-advantis.it\/wp-content\/uploads\/2024\/01\/Ollilight-bara-300x251.png\" class=\"attachment-medium size-medium wp-image-11239\" alt=\"\" srcset=\"https:\/\/funerolivetti.demo-advantis.it\/wp-content\/uploads\/2024\/01\/Ollilight-bara-300x251.png 300w, https:\/\/funerolivetti.demo-advantis.it\/wp-content\/uploads\/2024\/01\/Ollilight-bara-1024x856.png 1024w, https:\/\/funerolivetti.demo-advantis.it\/wp-content\/uploads\/2024\/01\/Ollilight-bara-768x642.png 768w, https:\/\/funerolivetti.demo-advantis.it\/wp-content\/uploads\/2024\/01\/Ollilight-bara-1536x1284.png 1536w, https:\/\/funerolivetti.demo-advantis.it\/wp-content\/uploads\/2024\/01\/Ollilight-bara-2048x1712.png 2048w\" sizes=\"(max-width: 300px) 100vw, 300px\" \/>\t\t\t\t\t\t\t\t<\/a>\n\t\t\t\t\t\t\t\t\t\t\t\t\t\t\t<\/div>\n\t\t\t\t<\/div>\n\t\t\t\t\t<\/div>\n\t\t<\/div>\n\t\t\t\t<div class=\"elementor-column elementor-col-33 elementor-inner-column elementor-element elementor-element-7eabf972\" data-id=\"7eabf972\" data-element_type=\"column\" data-e-type=\"column\">\n\t\t\t<div class=\"elementor-widget-wrap elementor-element-populated\">\n\t\t\t\t\t\t<div class=\"elementor-element elementor-element-5fbc290d elementor-widget elementor-widget-heading\" data-id=\"5fbc290d\" data-element_type=\"widget\" data-e-type=\"widget\" data-widget_type=\"heading.default\">\n\t\t\t\t<div class=\"elementor-widget-container\">\n\t\t\t\t\t<h5 class=\"elementor-heading-title elementor-size-default\">SCOIATTOLO<\/h5>\t\t\t\t<\/div>\n\t\t\t\t<\/div>\n\t\t\t\t<div class=\"elementor-element elementor-element-7c7ff45f elementor-widget elementor-widget-image\" data-id=\"7c7ff45f\" data-element_type=\"widget\" data-e-type=\"widget\" data-widget_type=\"image.default\">\n\t\t\t\t<div class=\"elementor-widget-container\">\n\t\t\t\t\t\t\t\t\t\t\t\t\t\t\t\t<a href=\"\/minifrigo\/\">\n\t\t\t\t\t\t\t<img loading=\"lazy\" decoding=\"async\" width=\"176\" height=\"300\" src=\"https:\/\/funerolivetti.demo-advantis.it\/wp-content\/uploads\/2024\/01\/SCOIATTOLO-cassa-2-1200x-176x300.png\" class=\"attachment-medium size-medium wp-image-11235\" alt=\"\" srcset=\"https:\/\/funerolivetti.demo-advantis.it\/wp-content\/uploads\/2024\/01\/SCOIATTOLO-cassa-2-1200x-176x300.png 176w, https:\/\/funerolivetti.demo-advantis.it\/wp-content\/uploads\/2024\/01\/SCOIATTOLO-cassa-2-1200x-602x1024.png 602w, https:\/\/funerolivetti.demo-advantis.it\/wp-content\/uploads\/2024\/01\/SCOIATTOLO-cassa-2-1200x-768x1307.png 768w, https:\/\/funerolivetti.demo-advantis.it\/wp-content\/uploads\/2024\/01\/SCOIATTOLO-cassa-2-1200x-903x1536.png 903w, https:\/\/funerolivetti.demo-advantis.it\/wp-content\/uploads\/2024\/01\/SCOIATTOLO-cassa-2-1200x.png 1200w\" sizes=\"(max-width: 176px) 100vw, 176px\" \/>\t\t\t\t\t\t\t\t<\/a>\n\t\t\t\t\t\t\t\t\t\t\t\t\t\t\t<\/div>\n\t\t\t\t<\/div>\n\t\t\t\t\t<\/div>\n\t\t<\/div>\n\t\t\t\t\t<\/div>\n\t\t<\/section>\n\t\t\t\t\t<\/div>\n\t\t<\/div>\n\t\t\t\t\t<\/div>\n\t\t<\/section>\n\t\t\t\t<\/div>\n\t\t","protected":false},"excerpt":{"rendered":"<p>R\u00c9CUP\u00c9RATION DE CADAVRES PAR LANE F035002 R\u00e9cup\u00e9ration de d\u00e9pouilles mortelles en milieu hospitalier.L\u00e9ger et maniable, il facilite le transport du corps des services hospitaliers \u00e0 la morgue. Son couvercle rotatif assure une discr\u00e9tion maximale.Fabriqu\u00e9 enti\u00e8rement en acier inoxydable AISI 304 pour garantir les normes sanitaires les plus strictes.Roues de 15 cm de diam\u00e8tre disponibles sur [&hellip;]<\/p>\n","protected":false},"author":1,"featured_media":0,"parent":12076,"menu_order":0,"comment_status":"closed","ping_status":"closed","template":"","meta":{"footnotes":""},"class_list":["post-13038","page","type-page","status-publish","hentry"],"_links":{"self":[{"href":"https:\/\/funerolivetti.demo-advantis.it\/fr\/wp-json\/wp\/v2\/pages\/13038","targetHints":{"allow":["GET"]}}],"collection":[{"href":"https:\/\/funerolivetti.demo-advantis.it\/fr\/wp-json\/wp\/v2\/pages"}],"about":[{"href":"https:\/\/funerolivetti.demo-advantis.it\/fr\/wp-json\/wp\/v2\/types\/page"}],"author":[{"embeddable":true,"href":"https:\/\/funerolivetti.demo-advantis.it\/fr\/wp-json\/wp\/v2\/users\/1"}],"replies":[{"embeddable":true,"href":"https:\/\/funerolivetti.demo-advantis.it\/fr\/wp-json\/wp\/v2\/comments?post=13038"}],"version-history":[{"count":3,"href":"https:\/\/funerolivetti.demo-advantis.it\/fr\/wp-json\/wp\/v2\/pages\/13038\/revisions"}],"predecessor-version":[{"id":13041,"href":"https:\/\/funerolivetti.demo-advantis.it\/fr\/wp-json\/wp\/v2\/pages\/13038\/revisions\/13041"}],"up":[{"embeddable":true,"href":"https:\/\/funerolivetti.demo-advantis.it\/fr\/wp-json\/wp\/v2\/pages\/12076"}],"wp:attachment":[{"href":"https:\/\/funerolivetti.demo-advantis.it\/fr\/wp-json\/wp\/v2\/media?parent=13038"}],"curies":[{"name":"wp","href":"https:\/\/api.w.org\/{rel}","templated":true}]}}