{"id":12575,"date":"2024-01-23T08:51:54","date_gmt":"2024-01-23T08:51:54","guid":{"rendered":"https:\/\/funerolivetti.demo-advantis.it\/?page_id=12575"},"modified":"2025-08-14T08:07:24","modified_gmt":"2025-08-14T08:07:24","slug":"cosplay-lucius-en-forme-daccordeon","status":"publish","type":"page","link":"https:\/\/funerolivetti.demo-advantis.it\/fr\/chariots\/cosplay-lucius-en-forme-daccordeon\/","title":{"rendered":"COSPLAY LUCIUS EN FORME D&rsquo;ACCORD\u00c9ON"},"content":{"rendered":"\t\t<div data-elementor-type=\"wp-page\" data-elementor-id=\"12575\" class=\"elementor elementor-12575 elementor-11302\">\n\t\t\t\t\t\t<section class=\"elementor-section elementor-top-section elementor-element elementor-element-42a612f0 elementor-section-boxed elementor-section-height-default elementor-section-height-default\" data-id=\"42a612f0\" data-element_type=\"section\" data-e-type=\"section\">\n\t\t\t\t\t\t<div class=\"elementor-container elementor-column-gap-default\">\n\t\t\t\t\t<div class=\"elementor-column elementor-col-50 elementor-top-column elementor-element elementor-element-567c3d81\" data-id=\"567c3d81\" data-element_type=\"column\" data-e-type=\"column\">\n\t\t\t<div class=\"elementor-widget-wrap elementor-element-populated\">\n\t\t\t\t\t\t<div class=\"elementor-element elementor-element-3459de75 elementor-widget elementor-widget-image\" data-id=\"3459de75\" data-element_type=\"widget\" data-e-type=\"widget\" data-widget_type=\"image.default\">\n\t\t\t\t<div class=\"elementor-widget-container\">\n\t\t\t\t\t\t\t\t\t\t\t\t\t\t\t<img fetchpriority=\"high\" decoding=\"async\" width=\"748\" height=\"500\" src=\"https:\/\/funerolivetti.demo-advantis.it\/wp-content\/uploads\/2025\/08\/LUCIUS-750x750-1.png\" class=\"attachment-full size-full wp-image-12537\" alt=\"\" srcset=\"https:\/\/funerolivetti.demo-advantis.it\/wp-content\/uploads\/2025\/08\/LUCIUS-750x750-1.png 748w, https:\/\/funerolivetti.demo-advantis.it\/wp-content\/uploads\/2025\/08\/LUCIUS-750x750-1-300x201.png 300w\" sizes=\"(max-width: 748px) 100vw, 748px\" \/>\t\t\t\t\t\t\t\t\t\t\t\t\t\t\t<\/div>\n\t\t\t\t<\/div>\n\t\t\t\t<div class=\"elementor-element elementor-element-5890cc8d elementor-widget elementor-widget-image-gallery\" data-id=\"5890cc8d\" data-element_type=\"widget\" data-e-type=\"widget\" data-widget_type=\"image-gallery.default\">\n\t\t\t\t<div class=\"elementor-widget-container\">\n\t\t\t\t\t\t\t<div class=\"elementor-image-gallery\">\n\t\t\t<div id='gallery-1' class='gallery galleryid-12575 gallery-columns-4 gallery-size-thumbnail'><figure class='gallery-item'>\n\t\t\t<div class='gallery-icon landscape'>\n\t\t\t\t<a data-elementor-open-lightbox=\"yes\" data-elementor-lightbox-slideshow=\"5890cc8d\" data-elementor-lightbox-title=\"LUCIUS-chiuso-1200x800\" data-e-action-hash=\"#elementor-action%3Aaction%3Dlightbox%26settings%3DeyJpZCI6MTI1NDEsInVybCI6Imh0dHBzOlwvXC9mdW5lcm9saXZldHRpLmRlbW8tYWR2YW50aXMuaXRcL3dwLWNvbnRlbnRcL3VwbG9hZHNcLzIwMjVcLzA4XC9MVUNJVVMtY2hpdXNvLTEyMDB4ODAwLTEucG5nIiwic2xpZGVzaG93IjoiNTg5MGNjOGQifQ%3D%3D\" href='https:\/\/funerolivetti.demo-advantis.it\/wp-content\/uploads\/2025\/08\/LUCIUS-chiuso-1200x800-1.png'><img decoding=\"async\" width=\"150\" height=\"150\" src=\"https:\/\/funerolivetti.demo-advantis.it\/wp-content\/uploads\/2025\/08\/LUCIUS-chiuso-1200x800-1-150x150.png\" class=\"attachment-thumbnail size-thumbnail\" alt=\"\" \/><\/a>\n\t\t\t<\/div><\/figure><figure class='gallery-item'>\n\t\t\t<div class='gallery-icon landscape'>\n\t\t\t\t<a data-elementor-open-lightbox=\"yes\" data-elementor-lightbox-slideshow=\"5890cc8d\" data-elementor-lightbox-title=\"LUCIUS-pieghevole-1200x800\" data-e-action-hash=\"#elementor-action%3Aaction%3Dlightbox%26settings%3DeyJpZCI6MTI1NDUsInVybCI6Imh0dHBzOlwvXC9mdW5lcm9saXZldHRpLmRlbW8tYWR2YW50aXMuaXRcL3dwLWNvbnRlbnRcL3VwbG9hZHNcLzIwMjVcLzA4XC9MVUNJVVMtcGllZ2hldm9sZS0xMjAweDgwMC0xLnBuZyIsInNsaWRlc2hvdyI6IjU4OTBjYzhkIn0%3D\" href='https:\/\/funerolivetti.demo-advantis.it\/wp-content\/uploads\/2025\/08\/LUCIUS-pieghevole-1200x800-1.png'><img decoding=\"async\" width=\"150\" height=\"150\" src=\"https:\/\/funerolivetti.demo-advantis.it\/wp-content\/uploads\/2025\/08\/LUCIUS-pieghevole-1200x800-1-150x150.png\" class=\"attachment-thumbnail size-thumbnail\" alt=\"\" srcset=\"https:\/\/funerolivetti.demo-advantis.it\/wp-content\/uploads\/2025\/08\/LUCIUS-pieghevole-1200x800-1-150x150.png 150w, https:\/\/funerolivetti.demo-advantis.it\/wp-content\/uploads\/2025\/08\/LUCIUS-pieghevole-1200x800-1-300x297.png 300w, https:\/\/funerolivetti.demo-advantis.it\/wp-content\/uploads\/2025\/08\/LUCIUS-pieghevole-1200x800-1.png 807w\" sizes=\"(max-width: 150px) 100vw, 150px\" \/><\/a>\n\t\t\t<\/div><\/figure><figure class='gallery-item'>\n\t\t\t<div class='gallery-icon landscape'>\n\t\t\t\t<a data-elementor-open-lightbox=\"yes\" data-elementor-lightbox-slideshow=\"5890cc8d\" data-elementor-lightbox-title=\"LUCIUS-prospect-1200x800\" data-e-action-hash=\"#elementor-action%3Aaction%3Dlightbox%26settings%3DeyJpZCI6MTI1NDksInVybCI6Imh0dHBzOlwvXC9mdW5lcm9saXZldHRpLmRlbW8tYWR2YW50aXMuaXRcL3dwLWNvbnRlbnRcL3VwbG9hZHNcLzIwMjVcLzA4XC9MVUNJVVMtcHJvc3BlY3QtMTIwMHg4MDAtMS5wbmciLCJzbGlkZXNob3ciOiI1ODkwY2M4ZCJ9\" href='https:\/\/funerolivetti.demo-advantis.it\/wp-content\/uploads\/2025\/08\/LUCIUS-prospect-1200x800-1.png'><img loading=\"lazy\" decoding=\"async\" width=\"150\" height=\"150\" src=\"https:\/\/funerolivetti.demo-advantis.it\/wp-content\/uploads\/2025\/08\/LUCIUS-prospect-1200x800-1-150x150.png\" class=\"attachment-thumbnail size-thumbnail\" alt=\"\" \/><\/a>\n\t\t\t<\/div><\/figure><figure class='gallery-item'>\n\t\t\t<div class='gallery-icon landscape'>\n\t\t\t\t<a data-elementor-open-lightbox=\"yes\" data-elementor-lightbox-slideshow=\"5890cc8d\" data-elementor-lightbox-title=\"LUCIUS-puntali-1200x800\" data-e-action-hash=\"#elementor-action%3Aaction%3Dlightbox%26settings%3DeyJpZCI6MTI1NTMsInVybCI6Imh0dHBzOlwvXC9mdW5lcm9saXZldHRpLmRlbW8tYWR2YW50aXMuaXRcL3dwLWNvbnRlbnRcL3VwbG9hZHNcLzIwMjVcLzA4XC9MVUNJVVMtcHVudGFsaS0xMjAweDgwMC0xLnBuZyIsInNsaWRlc2hvdyI6IjU4OTBjYzhkIn0%3D\" href='https:\/\/funerolivetti.demo-advantis.it\/wp-content\/uploads\/2025\/08\/LUCIUS-puntali-1200x800-1.png'><img loading=\"lazy\" decoding=\"async\" width=\"150\" height=\"150\" src=\"https:\/\/funerolivetti.demo-advantis.it\/wp-content\/uploads\/2025\/08\/LUCIUS-puntali-1200x800-1-150x150.png\" class=\"attachment-thumbnail size-thumbnail\" alt=\"\" \/><\/a>\n\t\t\t<\/div><\/figure>\n\t\t<\/div>\n\t\t<\/div>\n\t\t\t\t\t\t<\/div>\n\t\t\t\t<\/div>\n\t\t\t\t<div class=\"elementor-element elementor-element-2ebc4de2 elementor-widget elementor-widget-heading\" data-id=\"2ebc4de2\" data-element_type=\"widget\" data-e-type=\"widget\" data-widget_type=\"heading.default\">\n\t\t\t\t<div class=\"elementor-widget-container\">\n\t\t\t\t\t<h2 class=\"elementor-heading-title elementor-size-default\">COSPLAY LUCIUS EN FORME D'ACCORD\u00c9ON<\/h2>\t\t\t\t<\/div>\n\t\t\t\t<\/div>\n\t\t\t\t<div class=\"elementor-element elementor-element-36404834 elementor-widget elementor-widget-restly_about\" data-id=\"36404834\" data-element_type=\"widget\" data-e-type=\"widget\" data-widget_type=\"restly_about.default\">\n\t\t\t\t<div class=\"elementor-widget-container\">\n\t\t\t\t\t        <div class=\"restly-about-wrapper\">\n            <div class=\"restly-about-content text-left\">\n                                \n                <h6 class=\"restly-about-stitle\"><span><\/span><\/h6>\n                \n                <h2 class=\"restly-about-title\"><\/h2>\n                <div class=\"restly-about-dec\">\n                    <p><strong>F009007F<\/strong><\/p><p>Porte-cercueil en accord\u00e9on pour le transport du cercueil.<br \/>Un outil indispensable pour transporter facilement le cercueil lors des offices religieux et civils, ou dans les pompes fun\u00e8bres.<br \/>Il peut transporter des cercueils de diff\u00e9rentes tailles gr\u00e2ce \u00e0 ses trois positions d'ouverture.<br \/>Le cadre en aluminium rend Lucius l\u00e9ger et robuste.<br \/>Il est dot\u00e9 d'embouts sp\u00e9ciaux pour le support du cercueil, augmentant la stabilit\u00e9 et la s\u00e9curit\u00e9 pendant le transport.<br \/>L'ouverture en accord\u00e9on permet de replier le porte-cercueil et de le ranger dans un espace compact.<br \/>Poign\u00e9es rabattables pour un transport facile<br \/>Roues pratiques de \u00d8 12,5 cm<br \/>Sur demande\u00a0: roues de \u00d8 20 cm<\/p>                <\/div>\n            <\/div>\n        <\/div>\n        \t\t\t\t<\/div>\n\t\t\t\t<\/div>\n\t\t\t\t\t<\/div>\n\t\t<\/div>\n\t\t\t\t<div class=\"elementor-column elementor-col-50 elementor-top-column elementor-element elementor-element-636d5e9f\" data-id=\"636d5e9f\" data-element_type=\"column\" data-e-type=\"column\">\n\t\t\t<div class=\"elementor-widget-wrap elementor-element-populated\">\n\t\t\t\t\t\t<div class=\"elementor-element elementor-element-2bdb3032 elementor-align-start elementor-widget__width-inherit elementor-widget-wp-widget-nav_menu elementor-hidden-desktop elementor-hidden-tablet elementor-hidden-mobile elementor-icon-list--layout-traditional elementor-list-item-link-full_width elementor-widget elementor-widget-icon-list\" data-id=\"2bdb3032\" data-element_type=\"widget\" data-e-type=\"widget\" data-widget_type=\"icon-list.default\">\n\t\t\t\t<div class=\"elementor-widget-container\">\n\t\t\t\t\t\t\t<ul class=\"elementor-icon-list-items\">\n\t\t\t\t\t\t\t<li class=\"elementor-icon-list-item\">\n\t\t\t\t\t\t\t\t\t\t\t<a href=\"\/wp-content\/uploads\/2025\/08\/LUCIUS.pdf\" target=\"_blank\">\n\n\t\t\t\t\t\t\t\t\t\t\t\t<span class=\"elementor-icon-list-icon\">\n\t\t\t\t\t\t\t<svg aria-hidden=\"true\" class=\"e-font-icon-svg e-fas-file-pdf\" viewBox=\"0 0 384 512\" xmlns=\"http:\/\/www.w3.org\/2000\/svg\"><path d=\"M181.9 256.1c-5-16-4.9-46.9-2-46.9 8.4 0 7.6 36.9 2 46.9zm-1.7 47.2c-7.7 20.2-17.3 43.3-28.4 62.7 18.3-7 39-17.2 62.9-21.9-12.7-9.6-24.9-23.4-34.5-40.8zM86.1 428.1c0 .8 13.2-5.4 34.9-40.2-6.7 6.3-29.1 24.5-34.9 40.2zM248 160h136v328c0 13.3-10.7 24-24 24H24c-13.3 0-24-10.7-24-24V24C0 10.7 10.7 0 24 0h200v136c0 13.2 10.8 24 24 24zm-8 171.8c-20-12.2-33.3-29-42.7-53.8 4.5-18.5 11.6-46.6 6.2-64.2-4.7-29.4-42.4-26.5-47.8-6.8-5 18.3-.4 44.1 8.1 77-11.6 27.6-28.7 64.6-40.8 85.8-.1 0-.1.1-.2.1-27.1 13.9-73.6 44.5-54.5 68 5.6 6.9 16 10 21.5 10 17.9 0 35.7-18 61.1-61.8 25.8-8.5 54.1-19.1 79-23.2 21.7 11.8 47.1 19.5 64 19.5 29.2 0 31.2-32 19.7-43.4-13.9-13.6-54.3-9.7-73.6-7.2zM377 105L279 7c-4.5-4.5-10.6-7-17-7h-6v128h128v-6.1c0-6.3-2.5-12.4-7-16.9zm-74.1 255.3c4.1-2.7-2.5-11.9-42.8-9 37.1 15.8 42.8 9 42.8 9z\"><\/path><\/svg>\t\t\t\t\t\t<\/span>\n\t\t\t\t\t\t\t\t\t\t<span class=\"elementor-icon-list-text\">SCHEDA PDF<\/span>\n\t\t\t\t\t\t\t\t\t\t\t<\/a>\n\t\t\t\t\t\t\t\t\t<\/li>\n\t\t\t\t\t\t\t\t<li class=\"elementor-icon-list-item\">\n\t\t\t\t\t\t\t\t\t\t\t<a href=\"https:\/\/youtu.be\/R6LZTcIMC1w?si=LCuDSoP_JhjDraLw\" target=\"_blank\">\n\n\t\t\t\t\t\t\t\t\t\t\t\t<span class=\"elementor-icon-list-icon\">\n\t\t\t\t\t\t\t<svg aria-hidden=\"true\" class=\"e-font-icon-svg e-fab-youtube\" viewBox=\"0 0 576 512\" xmlns=\"http:\/\/www.w3.org\/2000\/svg\"><path d=\"M549.655 124.083c-6.281-23.65-24.787-42.276-48.284-48.597C458.781 64 288 64 288 64S117.22 64 74.629 75.486c-23.497 6.322-42.003 24.947-48.284 48.597-11.412 42.867-11.412 132.305-11.412 132.305s0 89.438 11.412 132.305c6.281 23.65 24.787 41.5 48.284 47.821C117.22 448 288 448 288 448s170.78 0 213.371-11.486c23.497-6.321 42.003-24.171 48.284-47.821 11.412-42.867 11.412-132.305 11.412-132.305s0-89.438-11.412-132.305zm-317.51 213.508V175.185l142.739 81.205-142.739 81.201z\"><\/path><\/svg>\t\t\t\t\t\t<\/span>\n\t\t\t\t\t\t\t\t\t\t<span class=\"elementor-icon-list-text\">VIDEO<\/span>\n\t\t\t\t\t\t\t\t\t\t\t<\/a>\n\t\t\t\t\t\t\t\t\t<\/li>\n\t\t\t\t\t\t\t\t<li class=\"elementor-icon-list-item\">\n\t\t\t\t\t\t\t\t\t\t\t<a href=\"https:\/\/youtu.be\/MqbzHNhIegQ?si=IkqexBz3hhzOvvtP\" target=\"_blank\">\n\n\t\t\t\t\t\t\t\t\t\t\t\t<span class=\"elementor-icon-list-icon\">\n\t\t\t\t\t\t\t<svg aria-hidden=\"true\" class=\"e-font-icon-svg e-fab-youtube\" viewBox=\"0 0 576 512\" xmlns=\"http:\/\/www.w3.org\/2000\/svg\"><path d=\"M549.655 124.083c-6.281-23.65-24.787-42.276-48.284-48.597C458.781 64 288 64 288 64S117.22 64 74.629 75.486c-23.497 6.322-42.003 24.947-48.284 48.597-11.412 42.867-11.412 132.305-11.412 132.305s0 89.438 11.412 132.305c6.281 23.65 24.787 41.5 48.284 47.821C117.22 448 288 448 288 448s170.78 0 213.371-11.486c23.497-6.321 42.003-24.171 48.284-47.821 11.412-42.867 11.412-132.305 11.412-132.305s0-89.438-11.412-132.305zm-317.51 213.508V175.185l142.739 81.205-142.739 81.201z\"><\/path><\/svg>\t\t\t\t\t\t<\/span>\n\t\t\t\t\t\t\t\t\t\t<span class=\"elementor-icon-list-text\">VIDEO ISTRUZONI<\/span>\n\t\t\t\t\t\t\t\t\t\t\t<\/a>\n\t\t\t\t\t\t\t\t\t<\/li>\n\t\t\t\t\t\t<\/ul>\n\t\t\t\t\t\t<\/div>\n\t\t\t\t<\/div>\n\t\t\t\t<div class=\"elementor-element elementor-element-7154f1a5 elementor-widget elementor-widget-restly_contact_info\" data-id=\"7154f1a5\" data-element_type=\"widget\" data-e-type=\"widget\" data-widget_type=\"restly_contact_info.default\">\n\t\t\t\t<div class=\"elementor-widget-container\">\n\t\t\t\t\t        <div class=\"restly-contact-info-warpper\">\r\n            <div class=\"restly-contact-info\">\r\n                <h2 class=\"contact-info-title\">Contactez-nous pour plus d&#039;informations<\/h2>                <div class=\"restly-contact-info-items\">\r\n                                        <div class=\"restly-cinfo d-flex align-items-center\">\r\n                        <div class=\"restly-cinfo-icon\">\r\n                            <i class=\"fas fa-phone-alt\"><\/i>\r\n                        <\/div>\r\n                        <div class=\"restly-cinfo-dec\">\r\n                            <span>Appelez-nous<\/span>\r\n                            <p>0522 875165<\/p>                        <\/div>\r\n                    <\/div>\r\n                                        <div class=\"restly-cinfo d-flex align-items-center\">\r\n                        <div class=\"restly-cinfo-icon\">\r\n                            <i class=\"far fa-envelope\"><\/i>\r\n                        <\/div>\r\n                        <div class=\"restly-cinfo-dec\">\r\n                            <span>\u00c9crivez-nous<\/span>\r\n                            <p><a title=\" info@funerolivetti.com \" href=\"mailto:info@funerolivetti.com\">info@funerolivetti.com<\/a><\/p>                        <\/div>\r\n                    <\/div>\r\n                                        <div class=\"restly-cinfo d-flex align-items-center\">\r\n                        <div class=\"restly-cinfo-icon\">\r\n                            <i class=\"fas fa-clock\"><\/i>\r\n                        <\/div>\r\n                        <div class=\"restly-cinfo-dec\">\r\n                            <span>Venez nous rendre visite<\/span>\r\n                            <p>Via E. Fermi, 74\/A - Frazione Barco 42021 Bibbiano (RE) Italy<\/p>                        <\/div>\r\n                    <\/div>\r\n                                    <\/div>\r\n            <\/div>\r\n        <\/div>\r\n        \t\t\t\t<\/div>\n\t\t\t\t<\/div>\n\t\t\t\t\t<\/div>\n\t\t<\/div>\n\t\t\t\t\t<\/div>\n\t\t<\/section>\n\t\t\t\t<section class=\"elementor-section elementor-top-section elementor-element elementor-element-6b8f09b0 elementor-hidden-desktop elementor-hidden-tablet elementor-hidden-mobile elementor-section-boxed elementor-section-height-default elementor-section-height-default\" data-id=\"6b8f09b0\" data-element_type=\"section\" data-e-type=\"section\">\n\t\t\t\t\t\t<div class=\"elementor-container elementor-column-gap-default\">\n\t\t\t\t\t<div class=\"elementor-column elementor-col-100 elementor-top-column elementor-element elementor-element-2091d240\" data-id=\"2091d240\" data-element_type=\"column\" data-e-type=\"column\">\n\t\t\t<div class=\"elementor-widget-wrap elementor-element-populated\">\n\t\t\t\t\t\t<div class=\"elementor-element elementor-element-49d0ad46 elementor-widget elementor-widget-heading\" data-id=\"49d0ad46\" data-element_type=\"widget\" data-e-type=\"widget\" data-widget_type=\"heading.default\">\n\t\t\t\t<div class=\"elementor-widget-container\">\n\t\t\t\t\t<h2 class=\"elementor-heading-title elementor-size-default\">PRODOTTI CORRELATI<\/h2>\t\t\t\t<\/div>\n\t\t\t\t<\/div>\n\t\t\t\t<section class=\"elementor-section elementor-inner-section elementor-element elementor-element-3ea9e8f9 elementor-section-boxed elementor-section-height-default elementor-section-height-default\" data-id=\"3ea9e8f9\" data-element_type=\"section\" data-e-type=\"section\">\n\t\t\t\t\t\t<div class=\"elementor-container elementor-column-gap-default\">\n\t\t\t\t\t<div class=\"elementor-column elementor-col-33 elementor-inner-column elementor-element elementor-element-7d2cd528\" data-id=\"7d2cd528\" data-element_type=\"column\" data-e-type=\"column\">\n\t\t\t<div class=\"elementor-widget-wrap elementor-element-populated\">\n\t\t\t\t\t\t<div class=\"elementor-element elementor-element-5a27ba80 elementor-widget elementor-widget-heading\" data-id=\"5a27ba80\" data-element_type=\"widget\" data-e-type=\"widget\" data-widget_type=\"heading.default\">\n\t\t\t\t<div class=\"elementor-widget-container\">\n\t\t\t\t\t<h5 class=\"elementor-heading-title elementor-size-default\">FRIGO<\/h5>\t\t\t\t<\/div>\n\t\t\t\t<\/div>\n\t\t\t\t<div class=\"elementor-element elementor-element-e662673 elementor-widget elementor-widget-image\" data-id=\"e662673\" data-element_type=\"widget\" data-e-type=\"widget\" data-widget_type=\"image.default\">\n\t\t\t\t<div class=\"elementor-widget-container\">\n\t\t\t\t\t\t\t\t\t\t\t\t\t\t\t\t<a href=\"\/minifrigo\/\">\n\t\t\t\t\t\t\t<img loading=\"lazy\" decoding=\"async\" width=\"300\" height=\"262\" src=\"https:\/\/funerolivetti.demo-advantis.it\/wp-content\/uploads\/2024\/01\/F1-Spallato-Radica-300x262.png\" class=\"attachment-medium size-medium wp-image-11281\" alt=\"\" srcset=\"https:\/\/funerolivetti.demo-advantis.it\/wp-content\/uploads\/2024\/01\/F1-Spallato-Radica-300x262.png 300w, https:\/\/funerolivetti.demo-advantis.it\/wp-content\/uploads\/2024\/01\/F1-Spallato-Radica-1024x893.png 1024w, https:\/\/funerolivetti.demo-advantis.it\/wp-content\/uploads\/2024\/01\/F1-Spallato-Radica-768x670.png 768w, https:\/\/funerolivetti.demo-advantis.it\/wp-content\/uploads\/2024\/01\/F1-Spallato-Radica.png 1200w\" sizes=\"(max-width: 300px) 100vw, 300px\" \/>\t\t\t\t\t\t\t\t<\/a>\n\t\t\t\t\t\t\t\t\t\t\t\t\t\t\t<\/div>\n\t\t\t\t<\/div>\n\t\t\t\t\t<\/div>\n\t\t<\/div>\n\t\t\t\t<div class=\"elementor-column elementor-col-33 elementor-inner-column elementor-element elementor-element-39897f06\" data-id=\"39897f06\" data-element_type=\"column\" data-e-type=\"column\">\n\t\t\t<div class=\"elementor-widget-wrap elementor-element-populated\">\n\t\t\t\t\t\t<div class=\"elementor-element elementor-element-31a3423d elementor-widget elementor-widget-heading\" data-id=\"31a3423d\" data-element_type=\"widget\" data-e-type=\"widget\" data-widget_type=\"heading.default\">\n\t\t\t\t<div class=\"elementor-widget-container\">\n\t\t\t\t\t<h5 class=\"elementor-heading-title elementor-size-default\">Ollilight<\/h5>\t\t\t\t<\/div>\n\t\t\t\t<\/div>\n\t\t\t\t<div class=\"elementor-element elementor-element-148d007c elementor-widget elementor-widget-image\" data-id=\"148d007c\" data-element_type=\"widget\" data-e-type=\"widget\" data-widget_type=\"image.default\">\n\t\t\t\t<div class=\"elementor-widget-container\">\n\t\t\t\t\t\t\t\t\t\t\t\t\t\t\t\t<a href=\"\/minifrigo\/\">\n\t\t\t\t\t\t\t<img loading=\"lazy\" decoding=\"async\" width=\"300\" height=\"251\" src=\"https:\/\/funerolivetti.demo-advantis.it\/wp-content\/uploads\/2024\/01\/Ollilight-bara-300x251.png\" class=\"attachment-medium size-medium wp-image-11239\" alt=\"\" srcset=\"https:\/\/funerolivetti.demo-advantis.it\/wp-content\/uploads\/2024\/01\/Ollilight-bara-300x251.png 300w, https:\/\/funerolivetti.demo-advantis.it\/wp-content\/uploads\/2024\/01\/Ollilight-bara-1024x856.png 1024w, https:\/\/funerolivetti.demo-advantis.it\/wp-content\/uploads\/2024\/01\/Ollilight-bara-768x642.png 768w, https:\/\/funerolivetti.demo-advantis.it\/wp-content\/uploads\/2024\/01\/Ollilight-bara-1536x1284.png 1536w, https:\/\/funerolivetti.demo-advantis.it\/wp-content\/uploads\/2024\/01\/Ollilight-bara-2048x1712.png 2048w\" sizes=\"(max-width: 300px) 100vw, 300px\" \/>\t\t\t\t\t\t\t\t<\/a>\n\t\t\t\t\t\t\t\t\t\t\t\t\t\t\t<\/div>\n\t\t\t\t<\/div>\n\t\t\t\t\t<\/div>\n\t\t<\/div>\n\t\t\t\t<div class=\"elementor-column elementor-col-33 elementor-inner-column elementor-element elementor-element-3ffee8cf\" data-id=\"3ffee8cf\" data-element_type=\"column\" data-e-type=\"column\">\n\t\t\t<div class=\"elementor-widget-wrap elementor-element-populated\">\n\t\t\t\t\t\t<div class=\"elementor-element elementor-element-21c4a80c elementor-widget elementor-widget-heading\" data-id=\"21c4a80c\" data-element_type=\"widget\" data-e-type=\"widget\" data-widget_type=\"heading.default\">\n\t\t\t\t<div class=\"elementor-widget-container\">\n\t\t\t\t\t<h5 class=\"elementor-heading-title elementor-size-default\">SCOIATTOLO<\/h5>\t\t\t\t<\/div>\n\t\t\t\t<\/div>\n\t\t\t\t<div class=\"elementor-element elementor-element-9327eee elementor-widget elementor-widget-image\" data-id=\"9327eee\" data-element_type=\"widget\" data-e-type=\"widget\" data-widget_type=\"image.default\">\n\t\t\t\t<div class=\"elementor-widget-container\">\n\t\t\t\t\t\t\t\t\t\t\t\t\t\t\t\t<a href=\"\/minifrigo\/\">\n\t\t\t\t\t\t\t<img loading=\"lazy\" decoding=\"async\" width=\"176\" height=\"300\" src=\"https:\/\/funerolivetti.demo-advantis.it\/wp-content\/uploads\/2024\/01\/SCOIATTOLO-cassa-2-1200x-176x300.png\" class=\"attachment-medium size-medium wp-image-11235\" alt=\"\" srcset=\"https:\/\/funerolivetti.demo-advantis.it\/wp-content\/uploads\/2024\/01\/SCOIATTOLO-cassa-2-1200x-176x300.png 176w, https:\/\/funerolivetti.demo-advantis.it\/wp-content\/uploads\/2024\/01\/SCOIATTOLO-cassa-2-1200x-602x1024.png 602w, https:\/\/funerolivetti.demo-advantis.it\/wp-content\/uploads\/2024\/01\/SCOIATTOLO-cassa-2-1200x-768x1307.png 768w, https:\/\/funerolivetti.demo-advantis.it\/wp-content\/uploads\/2024\/01\/SCOIATTOLO-cassa-2-1200x-903x1536.png 903w, https:\/\/funerolivetti.demo-advantis.it\/wp-content\/uploads\/2024\/01\/SCOIATTOLO-cassa-2-1200x.png 1200w\" sizes=\"(max-width: 176px) 100vw, 176px\" \/>\t\t\t\t\t\t\t\t<\/a>\n\t\t\t\t\t\t\t\t\t\t\t\t\t\t\t<\/div>\n\t\t\t\t<\/div>\n\t\t\t\t\t<\/div>\n\t\t<\/div>\n\t\t\t\t\t<\/div>\n\t\t<\/section>\n\t\t\t\t\t<\/div>\n\t\t<\/div>\n\t\t\t\t\t<\/div>\n\t\t<\/section>\n\t\t\t\t<\/div>\n\t\t","protected":false},"excerpt":{"rendered":"<p>COSPLAY LUCIUS EN FORME D&rsquo;ACCORD\u00c9ON F009007F Porte-cercueil en accord\u00e9on pour le transport du cercueil.Un outil indispensable pour transporter facilement le cercueil lors des offices religieux et civils, ou dans les pompes fun\u00e8bres.Il peut transporter des cercueils de diff\u00e9rentes tailles gr\u00e2ce \u00e0 ses trois positions d&rsquo;ouverture.Le cadre en aluminium rend Lucius l\u00e9ger et robuste.Il est dot\u00e9 [&hellip;]<\/p>\n","protected":false},"author":1,"featured_media":0,"parent":13529,"menu_order":0,"comment_status":"closed","ping_status":"closed","template":"","meta":{"footnotes":""},"class_list":["post-12575","page","type-page","status-publish","hentry"],"_links":{"self":[{"href":"https:\/\/funerolivetti.demo-advantis.it\/fr\/wp-json\/wp\/v2\/pages\/12575","targetHints":{"allow":["GET"]}}],"collection":[{"href":"https:\/\/funerolivetti.demo-advantis.it\/fr\/wp-json\/wp\/v2\/pages"}],"about":[{"href":"https:\/\/funerolivetti.demo-advantis.it\/fr\/wp-json\/wp\/v2\/types\/page"}],"author":[{"embeddable":true,"href":"https:\/\/funerolivetti.demo-advantis.it\/fr\/wp-json\/wp\/v2\/users\/1"}],"replies":[{"embeddable":true,"href":"https:\/\/funerolivetti.demo-advantis.it\/fr\/wp-json\/wp\/v2\/comments?post=12575"}],"version-history":[{"count":3,"href":"https:\/\/funerolivetti.demo-advantis.it\/fr\/wp-json\/wp\/v2\/pages\/12575\/revisions"}],"predecessor-version":[{"id":12578,"href":"https:\/\/funerolivetti.demo-advantis.it\/fr\/wp-json\/wp\/v2\/pages\/12575\/revisions\/12578"}],"up":[{"embeddable":true,"href":"https:\/\/funerolivetti.demo-advantis.it\/fr\/wp-json\/wp\/v2\/pages\/13529"}],"wp:attachment":[{"href":"https:\/\/funerolivetti.demo-advantis.it\/fr\/wp-json\/wp\/v2\/media?parent=12575"}],"curies":[{"name":"wp","href":"https:\/\/api.w.org\/{rel}","templated":true}]}}