{"id":13132,"date":"2024-01-23T08:51:04","date_gmt":"2024-01-23T08:51:04","guid":{"rendered":"https:\/\/funerolivetti.demo-advantis.it\/?page_id=13132"},"modified":"2025-08-16T10:02:25","modified_gmt":"2025-08-16T10:02:25","slug":"ardilla-sube-escaleras","status":"publish","type":"page","link":"https:\/\/funerolivetti.demo-advantis.it\/es\/ardilla-sube-escaleras\/","title":{"rendered":"ARDILLA SUBE ESCALERAS"},"content":{"rendered":"\t\t<div data-elementor-type=\"wp-page\" data-elementor-id=\"13132\" class=\"elementor elementor-13132 elementor-11295\">\n\t\t\t\t\t\t<section class=\"elementor-section elementor-top-section elementor-element elementor-element-4d85d674 elementor-section-boxed elementor-section-height-default elementor-section-height-default\" data-id=\"4d85d674\" data-element_type=\"section\" data-e-type=\"section\">\n\t\t\t\t\t\t<div class=\"elementor-container elementor-column-gap-default\">\n\t\t\t\t\t<div class=\"elementor-column elementor-col-50 elementor-top-column elementor-element elementor-element-46989b6e\" data-id=\"46989b6e\" data-element_type=\"column\" data-e-type=\"column\">\n\t\t\t<div class=\"elementor-widget-wrap elementor-element-populated\">\n\t\t\t\t\t\t<div class=\"elementor-element elementor-element-ecfb99e elementor-widget elementor-widget-image\" data-id=\"ecfb99e\" data-element_type=\"widget\" data-e-type=\"widget\" data-widget_type=\"image.default\">\n\t\t\t\t<div class=\"elementor-widget-container\">\n\t\t\t\t\t\t\t\t\t\t\t\t\t\t\t<img fetchpriority=\"high\" decoding=\"async\" width=\"440\" height=\"750\" src=\"https:\/\/funerolivetti.demo-advantis.it\/wp-content\/uploads\/2025\/08\/SCOIATTOLO-750x750-1.png\" class=\"attachment-full size-full wp-image-13092\" alt=\"\" srcset=\"https:\/\/funerolivetti.demo-advantis.it\/wp-content\/uploads\/2025\/08\/SCOIATTOLO-750x750-1.png 440w, https:\/\/funerolivetti.demo-advantis.it\/wp-content\/uploads\/2025\/08\/SCOIATTOLO-750x750-1-176x300.png 176w\" sizes=\"(max-width: 440px) 100vw, 440px\" \/>\t\t\t\t\t\t\t\t\t\t\t\t\t\t\t<\/div>\n\t\t\t\t<\/div>\n\t\t\t\t<div class=\"elementor-element elementor-element-2a98859f elementor-widget elementor-widget-image-gallery\" data-id=\"2a98859f\" data-element_type=\"widget\" data-e-type=\"widget\" data-widget_type=\"image-gallery.default\">\n\t\t\t\t<div class=\"elementor-widget-container\">\n\t\t\t\t\t\t\t<div class=\"elementor-image-gallery\">\n\t\t\t<div id='gallery-1' class='gallery galleryid-13132 gallery-columns-4 gallery-size-thumbnail'><figure class='gallery-item'>\n\t\t\t<div class='gallery-icon portrait'>\n\t\t\t\t<a data-elementor-open-lightbox=\"yes\" data-elementor-lightbox-slideshow=\"2a98859f\" data-elementor-lightbox-title=\"SCOIATTOLO-alzato-1200x800\" data-e-action-hash=\"#elementor-action%3Aaction%3Dlightbox%26settings%3DeyJpZCI6MTMwOTYsInVybCI6Imh0dHBzOlwvXC9mdW5lcm9saXZldHRpLmRlbW8tYWR2YW50aXMuaXRcL3dwLWNvbnRlbnRcL3VwbG9hZHNcLzIwMjVcLzA4XC9TQ09JQVRUT0xPLWFsemF0by0xMjAweDgwMC0xLnBuZyIsInNsaWRlc2hvdyI6IjJhOTg4NTlmIn0%3D\" href='https:\/\/funerolivetti.demo-advantis.it\/wp-content\/uploads\/2025\/08\/SCOIATTOLO-alzato-1200x800-1.png'><img decoding=\"async\" width=\"150\" height=\"150\" src=\"https:\/\/funerolivetti.demo-advantis.it\/wp-content\/uploads\/2025\/08\/SCOIATTOLO-alzato-1200x800-1-150x150.png\" class=\"attachment-thumbnail size-thumbnail\" alt=\"\" \/><\/a>\n\t\t\t<\/div><\/figure><figure class='gallery-item'>\n\t\t\t<div class='gallery-icon landscape'>\n\t\t\t\t<a data-elementor-open-lightbox=\"yes\" data-elementor-lightbox-slideshow=\"2a98859f\" data-elementor-lightbox-title=\"SCOIATTOLO-collage-1200x800\" data-e-action-hash=\"#elementor-action%3Aaction%3Dlightbox%26settings%3DeyJpZCI6MTMxMDAsInVybCI6Imh0dHBzOlwvXC9mdW5lcm9saXZldHRpLmRlbW8tYWR2YW50aXMuaXRcL3dwLWNvbnRlbnRcL3VwbG9hZHNcLzIwMjVcLzA4XC9TQ09JQVRUT0xPLWNvbGxhZ2UtMTIwMHg4MDAtMS5wbmciLCJzbGlkZXNob3ciOiIyYTk4ODU5ZiJ9\" href='https:\/\/funerolivetti.demo-advantis.it\/wp-content\/uploads\/2025\/08\/SCOIATTOLO-collage-1200x800-1.png'><img decoding=\"async\" width=\"150\" height=\"150\" src=\"https:\/\/funerolivetti.demo-advantis.it\/wp-content\/uploads\/2025\/08\/SCOIATTOLO-collage-1200x800-1-150x150.png\" class=\"attachment-thumbnail size-thumbnail\" alt=\"\" \/><\/a>\n\t\t\t<\/div><\/figure><figure class='gallery-item'>\n\t\t\t<div class='gallery-icon portrait'>\n\t\t\t\t<a data-elementor-open-lightbox=\"yes\" data-elementor-lightbox-slideshow=\"2a98859f\" data-elementor-lightbox-title=\"SCOIATTOLO-manico-1200x800\" data-e-action-hash=\"#elementor-action%3Aaction%3Dlightbox%26settings%3DeyJpZCI6MTMxMDQsInVybCI6Imh0dHBzOlwvXC9mdW5lcm9saXZldHRpLmRlbW8tYWR2YW50aXMuaXRcL3dwLWNvbnRlbnRcL3VwbG9hZHNcLzIwMjVcLzA4XC9TQ09JQVRUT0xPLW1hbmljby0xMjAweDgwMC0xLnBuZyIsInNsaWRlc2hvdyI6IjJhOTg4NTlmIn0%3D\" href='https:\/\/funerolivetti.demo-advantis.it\/wp-content\/uploads\/2025\/08\/SCOIATTOLO-manico-1200x800-1.png'><img loading=\"lazy\" decoding=\"async\" width=\"150\" height=\"150\" src=\"https:\/\/funerolivetti.demo-advantis.it\/wp-content\/uploads\/2025\/08\/SCOIATTOLO-manico-1200x800-1-150x150.png\" class=\"attachment-thumbnail size-thumbnail\" alt=\"\" \/><\/a>\n\t\t\t<\/div><\/figure><figure class='gallery-item'>\n\t\t\t<div class='gallery-icon portrait'>\n\t\t\t\t<a data-elementor-open-lightbox=\"yes\" data-elementor-lightbox-slideshow=\"2a98859f\" data-elementor-lightbox-title=\"SCOIATTOLO-piedi-1200x800\" data-e-action-hash=\"#elementor-action%3Aaction%3Dlightbox%26settings%3DeyJpZCI6MTMxMDgsInVybCI6Imh0dHBzOlwvXC9mdW5lcm9saXZldHRpLmRlbW8tYWR2YW50aXMuaXRcL3dwLWNvbnRlbnRcL3VwbG9hZHNcLzIwMjVcLzA4XC9TQ09JQVRUT0xPLXBpZWRpLTEyMDB4ODAwLTEucG5nIiwic2xpZGVzaG93IjoiMmE5ODg1OWYifQ%3D%3D\" href='https:\/\/funerolivetti.demo-advantis.it\/wp-content\/uploads\/2025\/08\/SCOIATTOLO-piedi-1200x800-1.png'><img loading=\"lazy\" decoding=\"async\" width=\"150\" height=\"150\" src=\"https:\/\/funerolivetti.demo-advantis.it\/wp-content\/uploads\/2025\/08\/SCOIATTOLO-piedi-1200x800-1-150x150.png\" class=\"attachment-thumbnail size-thumbnail\" alt=\"\" \/><\/a>\n\t\t\t<\/div><\/figure><figure class='gallery-item'>\n\t\t\t<div class='gallery-icon landscape'>\n\t\t\t\t<a data-elementor-open-lightbox=\"yes\" data-elementor-lightbox-slideshow=\"2a98859f\" data-elementor-lightbox-title=\"SCOIATTOLO-prospect-1200x800\" data-e-action-hash=\"#elementor-action%3Aaction%3Dlightbox%26settings%3DeyJpZCI6MTMxMTIsInVybCI6Imh0dHBzOlwvXC9mdW5lcm9saXZldHRpLmRlbW8tYWR2YW50aXMuaXRcL3dwLWNvbnRlbnRcL3VwbG9hZHNcLzIwMjVcLzA4XC9TQ09JQVRUT0xPLXByb3NwZWN0LTEyMDB4ODAwLTEucG5nIiwic2xpZGVzaG93IjoiMmE5ODg1OWYifQ%3D%3D\" href='https:\/\/funerolivetti.demo-advantis.it\/wp-content\/uploads\/2025\/08\/SCOIATTOLO-prospect-1200x800-1.png'><img loading=\"lazy\" decoding=\"async\" width=\"150\" height=\"150\" src=\"https:\/\/funerolivetti.demo-advantis.it\/wp-content\/uploads\/2025\/08\/SCOIATTOLO-prospect-1200x800-1-150x150.png\" class=\"attachment-thumbnail size-thumbnail\" alt=\"\" \/><\/a>\n\t\t\t<\/div><\/figure><figure class='gallery-item'>\n\t\t\t<div class='gallery-icon landscape'>\n\t\t\t\t<a data-elementor-open-lightbox=\"yes\" data-elementor-lightbox-slideshow=\"2a98859f\" data-elementor-lightbox-title=\"SCOIATTOLO-sdraiato-1200x800\" data-e-action-hash=\"#elementor-action%3Aaction%3Dlightbox%26settings%3DeyJpZCI6MTMxMTYsInVybCI6Imh0dHBzOlwvXC9mdW5lcm9saXZldHRpLmRlbW8tYWR2YW50aXMuaXRcL3dwLWNvbnRlbnRcL3VwbG9hZHNcLzIwMjVcLzA4XC9TQ09JQVRUT0xPLXNkcmFpYXRvLTEyMDB4ODAwLTEucG5nIiwic2xpZGVzaG93IjoiMmE5ODg1OWYifQ%3D%3D\" href='https:\/\/funerolivetti.demo-advantis.it\/wp-content\/uploads\/2025\/08\/SCOIATTOLO-sdraiato-1200x800-1.png'><img loading=\"lazy\" decoding=\"async\" width=\"150\" height=\"150\" src=\"https:\/\/funerolivetti.demo-advantis.it\/wp-content\/uploads\/2025\/08\/SCOIATTOLO-sdraiato-1200x800-1-150x150.png\" class=\"attachment-thumbnail size-thumbnail\" alt=\"\" \/><\/a>\n\t\t\t<\/div><\/figure>\n\t\t<\/div>\n\t\t<\/div>\n\t\t\t\t\t\t<\/div>\n\t\t\t\t<\/div>\n\t\t\t\t<div class=\"elementor-element elementor-element-3cfcd2d2 elementor-widget elementor-widget-heading\" data-id=\"3cfcd2d2\" data-element_type=\"widget\" data-e-type=\"widget\" data-widget_type=\"heading.default\">\n\t\t\t\t<div class=\"elementor-widget-container\">\n\t\t\t\t\t<h2 class=\"elementor-heading-title elementor-size-default\">ARDILLA SUBE ESCALERAS<\/h2>\t\t\t\t<\/div>\n\t\t\t\t<\/div>\n\t\t\t\t<div class=\"elementor-element elementor-element-17d0ab34 elementor-widget elementor-widget-restly_about\" data-id=\"17d0ab34\" data-element_type=\"widget\" data-e-type=\"widget\" data-widget_type=\"restly_about.default\">\n\t\t\t\t<div class=\"elementor-widget-container\">\n\t\t\t\t\t        <div class=\"restly-about-wrapper\">\n            <div class=\"restly-about-content text-left\">\n                                \n                <h6 class=\"restly-about-stitle\"><span><\/span><\/h6>\n                \n                <h2 class=\"restly-about-title\"><\/h2>\n                <div class=\"restly-about-dec\">\n                    <p><strong>F001004<\/strong><\/p><p>Silla salvaescaleras para el traslado de f\u00e9retros.<br \/>La silla salvaescaleras Scoiattolo es uno de los productos m\u00e1s conocidos y prestigiosos de OLIVETTI E FIGLIOLA.<br \/>Facilita el transporte del f\u00e9retro, tanto al subirlo como al bajarlo, y ofrece una excelente maniobrabilidad incluso en las zonas m\u00e1s dif\u00edciles.<br \/>La seguridad est\u00e1 garantizada por el revolucionario sistema de frenado semiautom\u00e1tico: al soltar los mandos, el carro frena autom\u00e1ticamente.<br \/>Al descender, la silla salvaescaleras Scoiattolo detecta los escalones y se detiene autom\u00e1ticamente en el rellano, evitando cualquier impacto con el f\u00e9retro.<br \/>Al ascender, el carro se detiene si el f\u00e9retro se coloca incorrectamente.<br \/>Dos modos de movimiento: controlado o continuo.<br \/>Controles completos en el manillar.<br \/>Gracias al mando a distancia especial, puede ser utilizada por dos operadores simult\u00e1neamente.<br \/>Certificaci\u00f3n CE<\/p>                <\/div>\n            <\/div>\n        <\/div>\n        \t\t\t\t<\/div>\n\t\t\t\t<\/div>\n\t\t\t\t\t<\/div>\n\t\t<\/div>\n\t\t\t\t<div class=\"elementor-column elementor-col-50 elementor-top-column elementor-element elementor-element-42ce981d\" data-id=\"42ce981d\" data-element_type=\"column\" data-e-type=\"column\">\n\t\t\t<div class=\"elementor-widget-wrap elementor-element-populated\">\n\t\t\t\t\t\t<div class=\"elementor-element elementor-element-143784e9 elementor-align-start elementor-widget__width-inherit elementor-widget-wp-widget-nav_menu elementor-hidden-desktop elementor-hidden-tablet elementor-hidden-mobile elementor-icon-list--layout-traditional elementor-list-item-link-full_width elementor-widget elementor-widget-icon-list\" data-id=\"143784e9\" data-element_type=\"widget\" data-e-type=\"widget\" data-widget_type=\"icon-list.default\">\n\t\t\t\t<div class=\"elementor-widget-container\">\n\t\t\t\t\t\t\t<ul class=\"elementor-icon-list-items\">\n\t\t\t\t\t\t\t<li class=\"elementor-icon-list-item\">\n\t\t\t\t\t\t\t\t\t\t\t<a href=\"\/wp-content\/uploads\/2025\/08\/SCOIATTOLO.pdf\" target=\"_blank\">\n\n\t\t\t\t\t\t\t\t\t\t\t\t<span class=\"elementor-icon-list-icon\">\n\t\t\t\t\t\t\t<svg aria-hidden=\"true\" class=\"e-font-icon-svg e-fas-file-pdf\" viewBox=\"0 0 384 512\" xmlns=\"http:\/\/www.w3.org\/2000\/svg\"><path d=\"M181.9 256.1c-5-16-4.9-46.9-2-46.9 8.4 0 7.6 36.9 2 46.9zm-1.7 47.2c-7.7 20.2-17.3 43.3-28.4 62.7 18.3-7 39-17.2 62.9-21.9-12.7-9.6-24.9-23.4-34.5-40.8zM86.1 428.1c0 .8 13.2-5.4 34.9-40.2-6.7 6.3-29.1 24.5-34.9 40.2zM248 160h136v328c0 13.3-10.7 24-24 24H24c-13.3 0-24-10.7-24-24V24C0 10.7 10.7 0 24 0h200v136c0 13.2 10.8 24 24 24zm-8 171.8c-20-12.2-33.3-29-42.7-53.8 4.5-18.5 11.6-46.6 6.2-64.2-4.7-29.4-42.4-26.5-47.8-6.8-5 18.3-.4 44.1 8.1 77-11.6 27.6-28.7 64.6-40.8 85.8-.1 0-.1.1-.2.1-27.1 13.9-73.6 44.5-54.5 68 5.6 6.9 16 10 21.5 10 17.9 0 35.7-18 61.1-61.8 25.8-8.5 54.1-19.1 79-23.2 21.7 11.8 47.1 19.5 64 19.5 29.2 0 31.2-32 19.7-43.4-13.9-13.6-54.3-9.7-73.6-7.2zM377 105L279 7c-4.5-4.5-10.6-7-17-7h-6v128h128v-6.1c0-6.3-2.5-12.4-7-16.9zm-74.1 255.3c4.1-2.7-2.5-11.9-42.8-9 37.1 15.8 42.8 9 42.8 9z\"><\/path><\/svg>\t\t\t\t\t\t<\/span>\n\t\t\t\t\t\t\t\t\t\t<span class=\"elementor-icon-list-text\">SCHEDA PDF<\/span>\n\t\t\t\t\t\t\t\t\t\t\t<\/a>\n\t\t\t\t\t\t\t\t\t<\/li>\n\t\t\t\t\t\t\t\t<li class=\"elementor-icon-list-item\">\n\t\t\t\t\t\t\t\t\t\t\t<a href=\"https:\/\/youtu.be\/uUALsRSTq4U?si=rScGr8NESQKJW01O\" target=\"_blank\">\n\n\t\t\t\t\t\t\t\t\t\t\t\t<span class=\"elementor-icon-list-icon\">\n\t\t\t\t\t\t\t<svg aria-hidden=\"true\" class=\"e-font-icon-svg e-fab-youtube\" viewBox=\"0 0 576 512\" xmlns=\"http:\/\/www.w3.org\/2000\/svg\"><path d=\"M549.655 124.083c-6.281-23.65-24.787-42.276-48.284-48.597C458.781 64 288 64 288 64S117.22 64 74.629 75.486c-23.497 6.322-42.003 24.947-48.284 48.597-11.412 42.867-11.412 132.305-11.412 132.305s0 89.438 11.412 132.305c6.281 23.65 24.787 41.5 48.284 47.821C117.22 448 288 448 288 448s170.78 0 213.371-11.486c23.497-6.321 42.003-24.171 48.284-47.821 11.412-42.867 11.412-132.305 11.412-132.305s0-89.438-11.412-132.305zm-317.51 213.508V175.185l142.739 81.205-142.739 81.201z\"><\/path><\/svg>\t\t\t\t\t\t<\/span>\n\t\t\t\t\t\t\t\t\t\t<span class=\"elementor-icon-list-text\">VIDEO<\/span>\n\t\t\t\t\t\t\t\t\t\t\t<\/a>\n\t\t\t\t\t\t\t\t\t<\/li>\n\t\t\t\t\t\t<\/ul>\n\t\t\t\t\t\t<\/div>\n\t\t\t\t<\/div>\n\t\t\t\t<div class=\"elementor-element elementor-element-5a7dc4c7 elementor-widget elementor-widget-restly_contact_info\" data-id=\"5a7dc4c7\" data-element_type=\"widget\" data-e-type=\"widget\" data-widget_type=\"restly_contact_info.default\">\n\t\t\t\t<div class=\"elementor-widget-container\">\n\t\t\t\t\t        <div class=\"restly-contact-info-warpper\">\r\n            <div class=\"restly-contact-info\">\r\n                <h2 class=\"contact-info-title\">Cont\u00e1ctanos para m\u00e1s informaci\u00f3n<\/h2>                <div class=\"restly-contact-info-items\">\r\n                                        <div class=\"restly-cinfo d-flex align-items-center\">\r\n                        <div class=\"restly-cinfo-icon\">\r\n                            <i class=\"fas fa-phone-alt\"><\/i>\r\n                        <\/div>\r\n                        <div class=\"restly-cinfo-dec\">\r\n                            <span>Ll\u00e1manos<\/span>\r\n                            <p>0522 875165<\/p>                        <\/div>\r\n                    <\/div>\r\n                                        <div class=\"restly-cinfo d-flex align-items-center\">\r\n                        <div class=\"restly-cinfo-icon\">\r\n                            <i class=\"far fa-envelope\"><\/i>\r\n                        <\/div>\r\n                        <div class=\"restly-cinfo-dec\">\r\n                            <span>Escr\u00edbenos<\/span>\r\n                            <p><a title=\" info@funerolivetti.com \" href=\"mailto:info@funerolivetti.com\">info@funerolivetti.com<\/a><\/p>                        <\/div>\r\n                    <\/div>\r\n                                        <div class=\"restly-cinfo d-flex align-items-center\">\r\n                        <div class=\"restly-cinfo-icon\">\r\n                            <i class=\"fas fa-clock\"><\/i>\r\n                        <\/div>\r\n                        <div class=\"restly-cinfo-dec\">\r\n                            <span>Ven a visitarnos<\/span>\r\n                            <p>Via E. Fermi, 74\/A - Frazione Barco 42021 Bibbiano (RE) Italy<\/p>                        <\/div>\r\n                    <\/div>\r\n                                    <\/div>\r\n            <\/div>\r\n        <\/div>\r\n        \t\t\t\t<\/div>\n\t\t\t\t<\/div>\n\t\t\t\t\t<\/div>\n\t\t<\/div>\n\t\t\t\t\t<\/div>\n\t\t<\/section>\n\t\t\t\t<section class=\"elementor-section elementor-top-section elementor-element elementor-element-25bace2f elementor-hidden-desktop elementor-hidden-tablet elementor-hidden-mobile elementor-section-boxed elementor-section-height-default elementor-section-height-default\" data-id=\"25bace2f\" data-element_type=\"section\" data-e-type=\"section\">\n\t\t\t\t\t\t<div class=\"elementor-container elementor-column-gap-default\">\n\t\t\t\t\t<div class=\"elementor-column elementor-col-100 elementor-top-column elementor-element elementor-element-6f4ba3b5\" data-id=\"6f4ba3b5\" data-element_type=\"column\" data-e-type=\"column\">\n\t\t\t<div class=\"elementor-widget-wrap elementor-element-populated\">\n\t\t\t\t\t\t<div class=\"elementor-element elementor-element-4db72a77 elementor-widget elementor-widget-heading\" data-id=\"4db72a77\" data-element_type=\"widget\" data-e-type=\"widget\" data-widget_type=\"heading.default\">\n\t\t\t\t<div class=\"elementor-widget-container\">\n\t\t\t\t\t<h2 class=\"elementor-heading-title elementor-size-default\">PRODOTTI CORRELATI<\/h2>\t\t\t\t<\/div>\n\t\t\t\t<\/div>\n\t\t\t\t<section class=\"elementor-section elementor-inner-section elementor-element elementor-element-bc42c19 elementor-section-boxed elementor-section-height-default elementor-section-height-default\" data-id=\"bc42c19\" data-element_type=\"section\" data-e-type=\"section\">\n\t\t\t\t\t\t<div class=\"elementor-container elementor-column-gap-default\">\n\t\t\t\t\t<div class=\"elementor-column elementor-col-33 elementor-inner-column elementor-element elementor-element-7da321f1\" data-id=\"7da321f1\" data-element_type=\"column\" data-e-type=\"column\">\n\t\t\t<div class=\"elementor-widget-wrap elementor-element-populated\">\n\t\t\t\t\t\t<div class=\"elementor-element elementor-element-55a4a0de elementor-widget elementor-widget-heading\" data-id=\"55a4a0de\" data-element_type=\"widget\" data-e-type=\"widget\" data-widget_type=\"heading.default\">\n\t\t\t\t<div class=\"elementor-widget-container\">\n\t\t\t\t\t<h5 class=\"elementor-heading-title elementor-size-default\">FRIGO<\/h5>\t\t\t\t<\/div>\n\t\t\t\t<\/div>\n\t\t\t\t<div class=\"elementor-element elementor-element-520b608f elementor-widget elementor-widget-image\" data-id=\"520b608f\" data-element_type=\"widget\" data-e-type=\"widget\" data-widget_type=\"image.default\">\n\t\t\t\t<div class=\"elementor-widget-container\">\n\t\t\t\t\t\t\t\t\t\t\t\t\t\t\t\t<a href=\"\/minifrigo\/\">\n\t\t\t\t\t\t\t<img loading=\"lazy\" decoding=\"async\" width=\"300\" height=\"262\" src=\"https:\/\/funerolivetti.demo-advantis.it\/wp-content\/uploads\/2024\/01\/F1-Spallato-Radica-300x262.png\" class=\"attachment-medium size-medium wp-image-11282\" alt=\"\" srcset=\"https:\/\/funerolivetti.demo-advantis.it\/wp-content\/uploads\/2024\/01\/F1-Spallato-Radica-300x262.png 300w, https:\/\/funerolivetti.demo-advantis.it\/wp-content\/uploads\/2024\/01\/F1-Spallato-Radica-1024x893.png 1024w, https:\/\/funerolivetti.demo-advantis.it\/wp-content\/uploads\/2024\/01\/F1-Spallato-Radica-768x670.png 768w, https:\/\/funerolivetti.demo-advantis.it\/wp-content\/uploads\/2024\/01\/F1-Spallato-Radica.png 1200w\" sizes=\"(max-width: 300px) 100vw, 300px\" \/>\t\t\t\t\t\t\t\t<\/a>\n\t\t\t\t\t\t\t\t\t\t\t\t\t\t\t<\/div>\n\t\t\t\t<\/div>\n\t\t\t\t\t<\/div>\n\t\t<\/div>\n\t\t\t\t<div class=\"elementor-column elementor-col-33 elementor-inner-column elementor-element elementor-element-12769e76\" data-id=\"12769e76\" data-element_type=\"column\" data-e-type=\"column\">\n\t\t\t<div class=\"elementor-widget-wrap elementor-element-populated\">\n\t\t\t\t\t\t<div class=\"elementor-element elementor-element-4f299a41 elementor-widget elementor-widget-heading\" data-id=\"4f299a41\" data-element_type=\"widget\" data-e-type=\"widget\" data-widget_type=\"heading.default\">\n\t\t\t\t<div class=\"elementor-widget-container\">\n\t\t\t\t\t<h5 class=\"elementor-heading-title elementor-size-default\">Ollilight<\/h5>\t\t\t\t<\/div>\n\t\t\t\t<\/div>\n\t\t\t\t<div class=\"elementor-element elementor-element-537ba61b elementor-widget elementor-widget-image\" data-id=\"537ba61b\" data-element_type=\"widget\" data-e-type=\"widget\" data-widget_type=\"image.default\">\n\t\t\t\t<div class=\"elementor-widget-container\">\n\t\t\t\t\t\t\t\t\t\t\t\t\t\t\t\t<a href=\"\/minifrigo\/\">\n\t\t\t\t\t\t\t<img loading=\"lazy\" decoding=\"async\" width=\"300\" height=\"251\" src=\"https:\/\/funerolivetti.demo-advantis.it\/wp-content\/uploads\/2024\/01\/Ollilight-bara-300x251.png\" class=\"attachment-medium size-medium wp-image-11240\" alt=\"\" srcset=\"https:\/\/funerolivetti.demo-advantis.it\/wp-content\/uploads\/2024\/01\/Ollilight-bara-300x251.png 300w, https:\/\/funerolivetti.demo-advantis.it\/wp-content\/uploads\/2024\/01\/Ollilight-bara-1024x856.png 1024w, https:\/\/funerolivetti.demo-advantis.it\/wp-content\/uploads\/2024\/01\/Ollilight-bara-768x642.png 768w, https:\/\/funerolivetti.demo-advantis.it\/wp-content\/uploads\/2024\/01\/Ollilight-bara-1536x1284.png 1536w, https:\/\/funerolivetti.demo-advantis.it\/wp-content\/uploads\/2024\/01\/Ollilight-bara-2048x1712.png 2048w\" sizes=\"(max-width: 300px) 100vw, 300px\" \/>\t\t\t\t\t\t\t\t<\/a>\n\t\t\t\t\t\t\t\t\t\t\t\t\t\t\t<\/div>\n\t\t\t\t<\/div>\n\t\t\t\t\t<\/div>\n\t\t<\/div>\n\t\t\t\t<div class=\"elementor-column elementor-col-33 elementor-inner-column elementor-element elementor-element-8584691\" data-id=\"8584691\" data-element_type=\"column\" data-e-type=\"column\">\n\t\t\t<div class=\"elementor-widget-wrap elementor-element-populated\">\n\t\t\t\t\t\t<div class=\"elementor-element elementor-element-3f1ef5f9 elementor-widget elementor-widget-heading\" data-id=\"3f1ef5f9\" data-element_type=\"widget\" data-e-type=\"widget\" data-widget_type=\"heading.default\">\n\t\t\t\t<div class=\"elementor-widget-container\">\n\t\t\t\t\t<h5 class=\"elementor-heading-title elementor-size-default\">SCOIATTOLO<\/h5>\t\t\t\t<\/div>\n\t\t\t\t<\/div>\n\t\t\t\t<div class=\"elementor-element elementor-element-5785fa4a elementor-widget elementor-widget-image\" data-id=\"5785fa4a\" data-element_type=\"widget\" data-e-type=\"widget\" data-widget_type=\"image.default\">\n\t\t\t\t<div class=\"elementor-widget-container\">\n\t\t\t\t\t\t\t\t\t\t\t\t\t\t\t\t<a href=\"\/minifrigo\/\">\n\t\t\t\t\t\t\t<img loading=\"lazy\" decoding=\"async\" width=\"176\" height=\"300\" src=\"https:\/\/funerolivetti.demo-advantis.it\/wp-content\/uploads\/2024\/01\/SCOIATTOLO-cassa-2-1200x-176x300.png\" class=\"attachment-medium size-medium wp-image-11236\" alt=\"\" srcset=\"https:\/\/funerolivetti.demo-advantis.it\/wp-content\/uploads\/2024\/01\/SCOIATTOLO-cassa-2-1200x-176x300.png 176w, https:\/\/funerolivetti.demo-advantis.it\/wp-content\/uploads\/2024\/01\/SCOIATTOLO-cassa-2-1200x-602x1024.png 602w, https:\/\/funerolivetti.demo-advantis.it\/wp-content\/uploads\/2024\/01\/SCOIATTOLO-cassa-2-1200x-768x1307.png 768w, https:\/\/funerolivetti.demo-advantis.it\/wp-content\/uploads\/2024\/01\/SCOIATTOLO-cassa-2-1200x-903x1536.png 903w, https:\/\/funerolivetti.demo-advantis.it\/wp-content\/uploads\/2024\/01\/SCOIATTOLO-cassa-2-1200x.png 1200w\" sizes=\"(max-width: 176px) 100vw, 176px\" \/>\t\t\t\t\t\t\t\t<\/a>\n\t\t\t\t\t\t\t\t\t\t\t\t\t\t\t<\/div>\n\t\t\t\t<\/div>\n\t\t\t\t\t<\/div>\n\t\t<\/div>\n\t\t\t\t\t<\/div>\n\t\t<\/section>\n\t\t\t\t\t<\/div>\n\t\t<\/div>\n\t\t\t\t\t<\/div>\n\t\t<\/section>\n\t\t\t\t<\/div>\n\t\t","protected":false},"excerpt":{"rendered":"<p>ARDILLA SUBE ESCALERAS F001004 Silla salvaescaleras para el traslado de f\u00e9retros.La silla salvaescaleras Scoiattolo es uno de los productos m\u00e1s conocidos y prestigiosos de OLIVETTI E FIGLIOLA.Facilita el transporte del f\u00e9retro, tanto al subirlo como al bajarlo, y ofrece una excelente maniobrabilidad incluso en las zonas m\u00e1s dif\u00edciles.La seguridad est\u00e1 garantizada por el revolucionario sistema [&hellip;]<\/p>\n","protected":false},"author":1,"featured_media":0,"parent":0,"menu_order":0,"comment_status":"closed","ping_status":"closed","template":"","meta":{"footnotes":""},"class_list":["post-13132","page","type-page","status-publish","hentry"],"_links":{"self":[{"href":"https:\/\/funerolivetti.demo-advantis.it\/es\/wp-json\/wp\/v2\/pages\/13132","targetHints":{"allow":["GET"]}}],"collection":[{"href":"https:\/\/funerolivetti.demo-advantis.it\/es\/wp-json\/wp\/v2\/pages"}],"about":[{"href":"https:\/\/funerolivetti.demo-advantis.it\/es\/wp-json\/wp\/v2\/types\/page"}],"author":[{"embeddable":true,"href":"https:\/\/funerolivetti.demo-advantis.it\/es\/wp-json\/wp\/v2\/users\/1"}],"replies":[{"embeddable":true,"href":"https:\/\/funerolivetti.demo-advantis.it\/es\/wp-json\/wp\/v2\/comments?post=13132"}],"version-history":[{"count":3,"href":"https:\/\/funerolivetti.demo-advantis.it\/es\/wp-json\/wp\/v2\/pages\/13132\/revisions"}],"predecessor-version":[{"id":13135,"href":"https:\/\/funerolivetti.demo-advantis.it\/es\/wp-json\/wp\/v2\/pages\/13132\/revisions\/13135"}],"wp:attachment":[{"href":"https:\/\/funerolivetti.demo-advantis.it\/es\/wp-json\/wp\/v2\/media?parent=13132"}],"curies":[{"name":"wp","href":"https:\/\/api.w.org\/{rel}","templated":true}]}}